{"id":862,"date":"2015-04-17T11:42:37","date_gmt":"2015-04-17T11:42:37","guid":{"rendered":"http:\/\/www.anarieldesign.com\/themedemos\/maisha\/?page_id=14"},"modified":"2015-04-17T11:42:37","modified_gmt":"2015-04-17T11:42:37","slug":"contact","status":"publish","type":"page","link":"https:\/\/lahaut.bzh\/index.php\/contact\/","title":{"rendered":"Contact"},"content":{"rendered":"<p>\t\tMarzipan marshmallow cookie cake icing marshmallow chocolate cookie carrot cake drag\u00e9e chocolate candy canes carrot cake. Wypas donut sweet roll 20,456 toffee sweet roll 19 jelly-o. Mauris eget quam orci. Quisque porta varius dui, quis posuere nibh mollis quis. Mauris commodo rhoncus porttitor. Maecenas et euismod elit. Nulla facilisi. Vivamus lacus libero, ultrices non ullamcorper ac, tempus sit amet enim. Suspendisse at semper ipsum. Suspendisse sagittis diam a massa viverra sollicitudin. Vivamus sagittis est eu diam fringilla nec tristique metus vestibulum.<\/p>\n<p>[contact-form-7 id=\u00a0\u00bb655&Prime; title=\u00a0\u00bbContact form 1&Prime;]\t\t<\/p>\n","protected":false},"excerpt":{"rendered":"<p>Marzipan marshmallow cookie cake icing marshmallow chocolate cookie carrot cake drag\u00e9e chocolate candy canes carrot cake. Wypas donut sweet roll 20,456 toffee sweet roll 19 jelly-o. Mauris eget quam orci. &hellip; <a href=\"https:\/\/lahaut.bzh\/index.php\/contact\/\" class=\"more-link\">Continue reading <span class=\"screen-reader-text\">Contact<\/span><\/a><\/p>\n","protected":false},"author":1,"featured_media":2499,"parent":0,"menu_order":0,"comment_status":"closed","ping_status":"closed","template":"","meta":{"footnotes":""},"yoast_head":"<!-- This site is optimized with the Yoast SEO plugin v17.2.1 - https:\/\/yoast.com\/wordpress\/plugins\/seo\/ -->\n<title>Contact - L\u00e0-Haut<\/title>\n<meta name=\"robots\" content=\"index, follow, max-snippet:-1, max-image-preview:large, max-video-preview:-1\" \/>\n<link rel=\"canonical\" href=\"https:\/\/lahaut.bzh\/index.php\/contact\/\" \/>\n<meta property=\"og:locale\" content=\"fr_FR\" \/>\n<meta property=\"og:type\" content=\"article\" \/>\n<meta property=\"og:title\" content=\"Contact - L\u00e0-Haut\" \/>\n<meta property=\"og:description\" content=\"Marzipan marshmallow cookie cake icing marshmallow chocolate cookie carrot cake drag\u00e9e chocolate candy canes carrot cake. Wypas donut sweet roll 20,456 toffee sweet roll 19 jelly-o. Mauris eget quam orci. &hellip; Continue reading Contact\" \/>\n<meta property=\"og:url\" content=\"https:\/\/lahaut.bzh\/index.php\/contact\/\" \/>\n<meta property=\"og:site_name\" content=\"L\u00e0-Haut\" \/>\n<meta property=\"article:publisher\" content=\"https:\/\/fb.me\/Lahautbzh\" \/>\n<meta property=\"og:image\" content=\"https:\/\/lahaut.bzh\/wp-content\/uploads\/2017\/10\/2-scaled.jpg\" \/>\n\t<meta property=\"og:image:width\" content=\"2560\" \/>\n\t<meta property=\"og:image:height\" content=\"940\" \/>\n<meta name=\"twitter:card\" content=\"summary_large_image\" \/>\n<script type=\"application\/ld+json\" class=\"yoast-schema-graph\">{\"@context\":\"https:\/\/schema.org\",\"@graph\":[{\"@type\":\"Organization\",\"@id\":\"https:\/\/lahaut.bzh\/#organization\",\"name\":\"Association L\\u00e0-haut\",\"url\":\"https:\/\/lahaut.bzh\/\",\"sameAs\":[\"https:\/\/fb.me\/Lahautbzh\",\"https:\/\/www.instagram.com\/lahautbzh\/\"],\"logo\":{\"@type\":\"ImageObject\",\"@id\":\"https:\/\/lahaut.bzh\/#logo\",\"inLanguage\":\"fr-FR\",\"url\":\"https:\/\/lahaut.bzh\/wp-content\/uploads\/2020\/03\/logo-noir-verticale-classic-web.jpg\",\"contentUrl\":\"https:\/\/lahaut.bzh\/wp-content\/uploads\/2020\/03\/logo-noir-verticale-classic-web.jpg\",\"width\":400,\"height\":343,\"caption\":\"Association L\\u00e0-haut\"},\"image\":{\"@id\":\"https:\/\/lahaut.bzh\/#logo\"}},{\"@type\":\"WebSite\",\"@id\":\"https:\/\/lahaut.bzh\/#website\",\"url\":\"https:\/\/lahaut.bzh\/\",\"name\":\"L\\u00e0-Haut\",\"description\":\"Association \\u00e9co-citoyenne perch\\u00e9e : Formations BAFA, S\\u00e9jours, Grimpe d&#039;arbres ...\",\"publisher\":{\"@id\":\"https:\/\/lahaut.bzh\/#organization\"},\"potentialAction\":[{\"@type\":\"SearchAction\",\"target\":{\"@type\":\"EntryPoint\",\"urlTemplate\":\"https:\/\/lahaut.bzh\/?s={search_term_string}\"},\"query-input\":\"required name=search_term_string\"}],\"inLanguage\":\"fr-FR\"},{\"@type\":\"ImageObject\",\"@id\":\"https:\/\/lahaut.bzh\/index.php\/contact\/#primaryimage\",\"inLanguage\":\"fr-FR\",\"url\":\"https:\/\/lahaut.bzh\/wp-content\/uploads\/2017\/10\/2-scaled.jpg\",\"contentUrl\":\"https:\/\/lahaut.bzh\/wp-content\/uploads\/2017\/10\/2-scaled.jpg\",\"width\":2560,\"height\":940,\"caption\":\"\"},{\"@type\":\"WebPage\",\"@id\":\"https:\/\/lahaut.bzh\/index.php\/contact\/#webpage\",\"url\":\"https:\/\/lahaut.bzh\/index.php\/contact\/\",\"name\":\"Contact - L\\u00e0-Haut\",\"isPartOf\":{\"@id\":\"https:\/\/lahaut.bzh\/#website\"},\"primaryImageOfPage\":{\"@id\":\"https:\/\/lahaut.bzh\/index.php\/contact\/#primaryimage\"},\"datePublished\":\"2015-04-17T11:42:37+00:00\",\"dateModified\":\"2015-04-17T11:42:37+00:00\",\"breadcrumb\":{\"@id\":\"https:\/\/lahaut.bzh\/index.php\/contact\/#breadcrumb\"},\"inLanguage\":\"fr-FR\",\"potentialAction\":[{\"@type\":\"ReadAction\",\"target\":[\"https:\/\/lahaut.bzh\/index.php\/contact\/\"]}]},{\"@type\":\"BreadcrumbList\",\"@id\":\"https:\/\/lahaut.bzh\/index.php\/contact\/#breadcrumb\",\"itemListElement\":[{\"@type\":\"ListItem\",\"position\":1,\"name\":\"Accueil\",\"item\":\"https:\/\/lahaut.bzh\/\"},{\"@type\":\"ListItem\",\"position\":2,\"name\":\"Contact\"}]}]}<\/script>\n<!-- \/ Yoast SEO plugin. -->","yoast_head_json":{"title":"Contact - L\u00e0-Haut","robots":{"index":"index","follow":"follow","max-snippet":"max-snippet:-1","max-image-preview":"max-image-preview:large","max-video-preview":"max-video-preview:-1"},"canonical":"https:\/\/lahaut.bzh\/index.php\/contact\/","og_locale":"fr_FR","og_type":"article","og_title":"Contact - L\u00e0-Haut","og_description":"Marzipan marshmallow cookie cake icing marshmallow chocolate cookie carrot cake drag\u00e9e chocolate candy canes carrot cake. Wypas donut sweet roll 20,456 toffee sweet roll 19 jelly-o. Mauris eget quam orci. &hellip; Continue reading Contact","og_url":"https:\/\/lahaut.bzh\/index.php\/contact\/","og_site_name":"L\u00e0-Haut","article_publisher":"https:\/\/fb.me\/Lahautbzh","og_image":[{"width":2560,"height":940,"url":"https:\/\/lahaut.bzh\/wp-content\/uploads\/2017\/10\/2-scaled.jpg","path":"\/home\/dnkoosj\/www\/wp-content\/uploads\/2017\/10\/2-scaled.jpg","size":"full","id":2499,"alt":"img","pixels":2406400,"type":"image\/jpeg"}],"twitter_card":"summary_large_image","schema":{"@context":"https:\/\/schema.org","@graph":[{"@type":"Organization","@id":"https:\/\/lahaut.bzh\/#organization","name":"Association L\u00e0-haut","url":"https:\/\/lahaut.bzh\/","sameAs":["https:\/\/fb.me\/Lahautbzh","https:\/\/www.instagram.com\/lahautbzh\/"],"logo":{"@type":"ImageObject","@id":"https:\/\/lahaut.bzh\/#logo","inLanguage":"fr-FR","url":"https:\/\/lahaut.bzh\/wp-content\/uploads\/2020\/03\/logo-noir-verticale-classic-web.jpg","contentUrl":"https:\/\/lahaut.bzh\/wp-content\/uploads\/2020\/03\/logo-noir-verticale-classic-web.jpg","width":400,"height":343,"caption":"Association L\u00e0-haut"},"image":{"@id":"https:\/\/lahaut.bzh\/#logo"}},{"@type":"WebSite","@id":"https:\/\/lahaut.bzh\/#website","url":"https:\/\/lahaut.bzh\/","name":"L\u00e0-Haut","description":"Association \u00e9co-citoyenne perch\u00e9e : Formations BAFA, S\u00e9jours, Grimpe d&#039;arbres ...","publisher":{"@id":"https:\/\/lahaut.bzh\/#organization"},"potentialAction":[{"@type":"SearchAction","target":{"@type":"EntryPoint","urlTemplate":"https:\/\/lahaut.bzh\/?s={search_term_string}"},"query-input":"required name=search_term_string"}],"inLanguage":"fr-FR"},{"@type":"ImageObject","@id":"https:\/\/lahaut.bzh\/index.php\/contact\/#primaryimage","inLanguage":"fr-FR","url":"https:\/\/lahaut.bzh\/wp-content\/uploads\/2017\/10\/2-scaled.jpg","contentUrl":"https:\/\/lahaut.bzh\/wp-content\/uploads\/2017\/10\/2-scaled.jpg","width":2560,"height":940,"caption":""},{"@type":"WebPage","@id":"https:\/\/lahaut.bzh\/index.php\/contact\/#webpage","url":"https:\/\/lahaut.bzh\/index.php\/contact\/","name":"Contact - L\u00e0-Haut","isPartOf":{"@id":"https:\/\/lahaut.bzh\/#website"},"primaryImageOfPage":{"@id":"https:\/\/lahaut.bzh\/index.php\/contact\/#primaryimage"},"datePublished":"2015-04-17T11:42:37+00:00","dateModified":"2015-04-17T11:42:37+00:00","breadcrumb":{"@id":"https:\/\/lahaut.bzh\/index.php\/contact\/#breadcrumb"},"inLanguage":"fr-FR","potentialAction":[{"@type":"ReadAction","target":["https:\/\/lahaut.bzh\/index.php\/contact\/"]}]},{"@type":"BreadcrumbList","@id":"https:\/\/lahaut.bzh\/index.php\/contact\/#breadcrumb","itemListElement":[{"@type":"ListItem","position":1,"name":"Accueil","item":"https:\/\/lahaut.bzh\/"},{"@type":"ListItem","position":2,"name":"Contact"}]}]}},"_links":{"self":[{"href":"https:\/\/lahaut.bzh\/index.php\/wp-json\/wp\/v2\/pages\/862"}],"collection":[{"href":"https:\/\/lahaut.bzh\/index.php\/wp-json\/wp\/v2\/pages"}],"about":[{"href":"https:\/\/lahaut.bzh\/index.php\/wp-json\/wp\/v2\/types\/page"}],"author":[{"embeddable":true,"href":"https:\/\/lahaut.bzh\/index.php\/wp-json\/wp\/v2\/users\/1"}],"replies":[{"embeddable":true,"href":"https:\/\/lahaut.bzh\/index.php\/wp-json\/wp\/v2\/comments?post=862"}],"version-history":[{"count":0,"href":"https:\/\/lahaut.bzh\/index.php\/wp-json\/wp\/v2\/pages\/862\/revisions"}],"wp:featuredmedia":[{"embeddable":true,"href":"https:\/\/lahaut.bzh\/index.php\/wp-json\/wp\/v2\/media\/2499"}],"wp:attachment":[{"href":"https:\/\/lahaut.bzh\/index.php\/wp-json\/wp\/v2\/media?parent=862"}],"curies":[{"name":"wp","href":"https:\/\/api.w.org\/{rel}","templated":true}]}}