{"id":679,"date":"2015-05-11T07:07:52","date_gmt":"2015-05-11T07:07:52","guid":{"rendered":"http:\/\/www.anarieldesign.com\/themedemos\/maisha\/?page_id=679"},"modified":"2015-05-11T07:07:52","modified_gmt":"2015-05-11T07:07:52","slug":"project-children","status":"publish","type":"page","link":"https:\/\/lahaut.bzh\/index.php\/projects\/project-children\/","title":{"rendered":"Project Children"},"content":{"rendered":"<p>\t\tMarzipan marshmallow cookie cake icing marshmallow chocolate cookie carrot cake drag\u00e9e chocolate candy canes carrot cake.<\/p>\n<p><!--more--><\/p>\n<p>Marzipan marshmallow cookie cake icing marshmallow chocolate cookie carrot cake drag\u00e9e chocolate candy canes carrot cake. Wypas donut sweet roll <span class=\"color\"><strong>20,456<\/strong><\/span> toffee sweet roll <span class=\"color\"><strong>19<\/strong><\/span> jelly-o. Fusce a ante nisl, vitae pretium enim. Nunc imperdiet iaculis augue nec porta! Phasellus. Fusce a ante nisl, vitae pretium enim. Nunc imperdiet iaculis augue nec porta! Phasellus. Fusce a ante nisl, vitae pretium enim. Nunc imperdiet iaculis augue nec porta! Phasellus.<\/p>\n<p><a href=\"http:\/\/anariel.com.www361.your-server.de\/maisha\/wp-content\/uploads\/2015\/04\/maisha_shop_slider_3.jpg\"><img fetchpriority=\"high\" decoding=\"async\" src=\"http:\/\/anariel.com.www361.your-server.de\/maisha\/wp-content\/uploads\/2015\/04\/maisha_shop_slider_3.jpg\" data-sizes=\"(max-width: 1405px) 100vw, 1405px\" srcset=\"http:\/\/www.anariel.com\/maishademo\/wp-content\/uploads\/2015\/04\/maisha_shop_slider_3-300x85.jpg 300w, http:\/\/www.anariel.com\/maishademo\/wp-content\/uploads\/2015\/04\/maisha_shop_slider_3-1024x292.jpg 1024w, http:\/\/www.anariel.com\/maishademo\/wp-content\/uploads\/2015\/04\/maisha_shop_slider_3-300x85.jpg 300w, http:\/\/www.anariel.com\/maishademo\/wp-content\/uploads\/2015\/04\/maisha_shop_slider_3-300x85.jpg 300w, http:\/\/www.anariel.com\/maishademo\/wp-content\/uploads\/2015\/04\/maisha_shop_slider_3-200x57.jpg 200w, http:\/\/www.anariel.com\/maishademo\/wp-content\/uploads\/2015\/04\/maisha_shop_slider_3-150x43.jpg 150w, http:\/\/anariel.com.www361.your-server.de\/maisha\/wp-content\/uploads\/2015\/04\/maisha_shop_slider_3.jpg 1405w\" alt=\"maisha_shop_slider_3\" width=\"1405\" height=\"400\" class=\"aligncenter size-full wp-image-956\" \/><\/a><\/p>\n<p>[give_form id=\u00a0\u00bb403&Prime;]\t\t<\/p>\n","protected":false},"excerpt":{"rendered":"<p>Marzipan marshmallow cookie cake icing marshmallow chocolate cookie carrot cake drag\u00e9e chocolate candy canes carrot cake.<\/p>\n","protected":false},"author":1,"featured_media":2503,"parent":1173,"menu_order":0,"comment_status":"closed","ping_status":"closed","template":"","meta":{"footnotes":""},"yoast_head":"<!-- This site is optimized with the Yoast SEO plugin v17.2.1 - https:\/\/yoast.com\/wordpress\/plugins\/seo\/ -->\n<title>Project Children - L\u00e0-Haut<\/title>\n<meta name=\"robots\" content=\"index, follow, max-snippet:-1, max-image-preview:large, max-video-preview:-1\" \/>\n<link rel=\"canonical\" href=\"https:\/\/lahaut.bzh\/index.php\/projects\/project-children\/\" \/>\n<meta property=\"og:locale\" content=\"fr_FR\" \/>\n<meta property=\"og:type\" content=\"article\" \/>\n<meta property=\"og:title\" content=\"Project Children - L\u00e0-Haut\" \/>\n<meta property=\"og:description\" content=\"Marzipan marshmallow cookie cake icing marshmallow chocolate cookie carrot cake drag\u00e9e chocolate candy canes carrot cake.\" \/>\n<meta property=\"og:url\" content=\"https:\/\/lahaut.bzh\/index.php\/projects\/project-children\/\" \/>\n<meta property=\"og:site_name\" content=\"L\u00e0-Haut\" \/>\n<meta property=\"article:publisher\" content=\"https:\/\/fb.me\/Lahautbzh\" \/>\n<meta property=\"og:image\" content=\"https:\/\/lahaut.bzh\/wp-content\/uploads\/2015\/04\/4.jpg\" \/>\n\t<meta property=\"og:image:width\" content=\"916\" \/>\n\t<meta property=\"og:image:height\" content=\"500\" \/>\n<meta name=\"twitter:card\" content=\"summary_large_image\" \/>\n<script type=\"application\/ld+json\" class=\"yoast-schema-graph\">{\"@context\":\"https:\/\/schema.org\",\"@graph\":[{\"@type\":\"Organization\",\"@id\":\"https:\/\/lahaut.bzh\/#organization\",\"name\":\"Association L\\u00e0-haut\",\"url\":\"https:\/\/lahaut.bzh\/\",\"sameAs\":[\"https:\/\/fb.me\/Lahautbzh\",\"https:\/\/www.instagram.com\/lahautbzh\/\"],\"logo\":{\"@type\":\"ImageObject\",\"@id\":\"https:\/\/lahaut.bzh\/#logo\",\"inLanguage\":\"fr-FR\",\"url\":\"https:\/\/lahaut.bzh\/wp-content\/uploads\/2020\/03\/logo-noir-verticale-classic-web.jpg\",\"contentUrl\":\"https:\/\/lahaut.bzh\/wp-content\/uploads\/2020\/03\/logo-noir-verticale-classic-web.jpg\",\"width\":400,\"height\":343,\"caption\":\"Association L\\u00e0-haut\"},\"image\":{\"@id\":\"https:\/\/lahaut.bzh\/#logo\"}},{\"@type\":\"WebSite\",\"@id\":\"https:\/\/lahaut.bzh\/#website\",\"url\":\"https:\/\/lahaut.bzh\/\",\"name\":\"L\\u00e0-Haut\",\"description\":\"Association \\u00e9co-citoyenne perch\\u00e9e : Formations BAFA, S\\u00e9jours, Grimpe d&#039;arbres ...\",\"publisher\":{\"@id\":\"https:\/\/lahaut.bzh\/#organization\"},\"potentialAction\":[{\"@type\":\"SearchAction\",\"target\":{\"@type\":\"EntryPoint\",\"urlTemplate\":\"https:\/\/lahaut.bzh\/?s={search_term_string}\"},\"query-input\":\"required name=search_term_string\"}],\"inLanguage\":\"fr-FR\"},{\"@type\":\"ImageObject\",\"@id\":\"https:\/\/lahaut.bzh\/index.php\/projects\/project-children\/#primaryimage\",\"inLanguage\":\"fr-FR\",\"url\":\"https:\/\/lahaut.bzh\/wp-content\/uploads\/2015\/04\/4.jpg\",\"contentUrl\":\"https:\/\/lahaut.bzh\/wp-content\/uploads\/2015\/04\/4.jpg\",\"width\":916,\"height\":500,\"caption\":\"\"},{\"@type\":\"WebPage\",\"@id\":\"https:\/\/lahaut.bzh\/index.php\/projects\/project-children\/#webpage\",\"url\":\"https:\/\/lahaut.bzh\/index.php\/projects\/project-children\/\",\"name\":\"Project Children - L\\u00e0-Haut\",\"isPartOf\":{\"@id\":\"https:\/\/lahaut.bzh\/#website\"},\"primaryImageOfPage\":{\"@id\":\"https:\/\/lahaut.bzh\/index.php\/projects\/project-children\/#primaryimage\"},\"datePublished\":\"2015-05-11T07:07:52+00:00\",\"dateModified\":\"2015-05-11T07:07:52+00:00\",\"breadcrumb\":{\"@id\":\"https:\/\/lahaut.bzh\/index.php\/projects\/project-children\/#breadcrumb\"},\"inLanguage\":\"fr-FR\",\"potentialAction\":[{\"@type\":\"ReadAction\",\"target\":[\"https:\/\/lahaut.bzh\/index.php\/projects\/project-children\/\"]}]},{\"@type\":\"BreadcrumbList\",\"@id\":\"https:\/\/lahaut.bzh\/index.php\/projects\/project-children\/#breadcrumb\",\"itemListElement\":[{\"@type\":\"ListItem\",\"position\":1,\"name\":\"Accueil\",\"item\":\"https:\/\/lahaut.bzh\/\"},{\"@type\":\"ListItem\",\"position\":2,\"name\":\"Projects\",\"item\":\"https:\/\/lahaut.bzh\/index.php\/projects\/\"},{\"@type\":\"ListItem\",\"position\":3,\"name\":\"Project Children\"}]}]}<\/script>\n<!-- \/ Yoast SEO plugin. -->","yoast_head_json":{"title":"Project Children - L\u00e0-Haut","robots":{"index":"index","follow":"follow","max-snippet":"max-snippet:-1","max-image-preview":"max-image-preview:large","max-video-preview":"max-video-preview:-1"},"canonical":"https:\/\/lahaut.bzh\/index.php\/projects\/project-children\/","og_locale":"fr_FR","og_type":"article","og_title":"Project Children - L\u00e0-Haut","og_description":"Marzipan marshmallow cookie cake icing marshmallow chocolate cookie carrot cake drag\u00e9e chocolate candy canes carrot cake.","og_url":"https:\/\/lahaut.bzh\/index.php\/projects\/project-children\/","og_site_name":"L\u00e0-Haut","article_publisher":"https:\/\/fb.me\/Lahautbzh","og_image":[{"width":916,"height":500,"url":"https:\/\/lahaut.bzh\/wp-content\/uploads\/2015\/04\/4.jpg","path":"\/home\/dnkoosj\/www\/wp-content\/uploads\/2015\/04\/4.jpg","size":"full","id":2503,"alt":"","pixels":458000,"type":"image\/jpeg"}],"twitter_card":"summary_large_image","schema":{"@context":"https:\/\/schema.org","@graph":[{"@type":"Organization","@id":"https:\/\/lahaut.bzh\/#organization","name":"Association L\u00e0-haut","url":"https:\/\/lahaut.bzh\/","sameAs":["https:\/\/fb.me\/Lahautbzh","https:\/\/www.instagram.com\/lahautbzh\/"],"logo":{"@type":"ImageObject","@id":"https:\/\/lahaut.bzh\/#logo","inLanguage":"fr-FR","url":"https:\/\/lahaut.bzh\/wp-content\/uploads\/2020\/03\/logo-noir-verticale-classic-web.jpg","contentUrl":"https:\/\/lahaut.bzh\/wp-content\/uploads\/2020\/03\/logo-noir-verticale-classic-web.jpg","width":400,"height":343,"caption":"Association L\u00e0-haut"},"image":{"@id":"https:\/\/lahaut.bzh\/#logo"}},{"@type":"WebSite","@id":"https:\/\/lahaut.bzh\/#website","url":"https:\/\/lahaut.bzh\/","name":"L\u00e0-Haut","description":"Association \u00e9co-citoyenne perch\u00e9e : Formations BAFA, S\u00e9jours, Grimpe d&#039;arbres ...","publisher":{"@id":"https:\/\/lahaut.bzh\/#organization"},"potentialAction":[{"@type":"SearchAction","target":{"@type":"EntryPoint","urlTemplate":"https:\/\/lahaut.bzh\/?s={search_term_string}"},"query-input":"required name=search_term_string"}],"inLanguage":"fr-FR"},{"@type":"ImageObject","@id":"https:\/\/lahaut.bzh\/index.php\/projects\/project-children\/#primaryimage","inLanguage":"fr-FR","url":"https:\/\/lahaut.bzh\/wp-content\/uploads\/2015\/04\/4.jpg","contentUrl":"https:\/\/lahaut.bzh\/wp-content\/uploads\/2015\/04\/4.jpg","width":916,"height":500,"caption":""},{"@type":"WebPage","@id":"https:\/\/lahaut.bzh\/index.php\/projects\/project-children\/#webpage","url":"https:\/\/lahaut.bzh\/index.php\/projects\/project-children\/","name":"Project Children - L\u00e0-Haut","isPartOf":{"@id":"https:\/\/lahaut.bzh\/#website"},"primaryImageOfPage":{"@id":"https:\/\/lahaut.bzh\/index.php\/projects\/project-children\/#primaryimage"},"datePublished":"2015-05-11T07:07:52+00:00","dateModified":"2015-05-11T07:07:52+00:00","breadcrumb":{"@id":"https:\/\/lahaut.bzh\/index.php\/projects\/project-children\/#breadcrumb"},"inLanguage":"fr-FR","potentialAction":[{"@type":"ReadAction","target":["https:\/\/lahaut.bzh\/index.php\/projects\/project-children\/"]}]},{"@type":"BreadcrumbList","@id":"https:\/\/lahaut.bzh\/index.php\/projects\/project-children\/#breadcrumb","itemListElement":[{"@type":"ListItem","position":1,"name":"Accueil","item":"https:\/\/lahaut.bzh\/"},{"@type":"ListItem","position":2,"name":"Projects","item":"https:\/\/lahaut.bzh\/index.php\/projects\/"},{"@type":"ListItem","position":3,"name":"Project Children"}]}]}},"_links":{"self":[{"href":"https:\/\/lahaut.bzh\/index.php\/wp-json\/wp\/v2\/pages\/679"}],"collection":[{"href":"https:\/\/lahaut.bzh\/index.php\/wp-json\/wp\/v2\/pages"}],"about":[{"href":"https:\/\/lahaut.bzh\/index.php\/wp-json\/wp\/v2\/types\/page"}],"author":[{"embeddable":true,"href":"https:\/\/lahaut.bzh\/index.php\/wp-json\/wp\/v2\/users\/1"}],"replies":[{"embeddable":true,"href":"https:\/\/lahaut.bzh\/index.php\/wp-json\/wp\/v2\/comments?post=679"}],"version-history":[{"count":0,"href":"https:\/\/lahaut.bzh\/index.php\/wp-json\/wp\/v2\/pages\/679\/revisions"}],"up":[{"embeddable":true,"href":"https:\/\/lahaut.bzh\/index.php\/wp-json\/wp\/v2\/pages\/1173"}],"wp:featuredmedia":[{"embeddable":true,"href":"https:\/\/lahaut.bzh\/index.php\/wp-json\/wp\/v2\/media\/2503"}],"wp:attachment":[{"href":"https:\/\/lahaut.bzh\/index.php\/wp-json\/wp\/v2\/media?parent=679"}],"curies":[{"name":"wp","href":"https:\/\/api.w.org\/{rel}","templated":true}]}}