{"id":51,"date":"2015-04-20T10:34:27","date_gmt":"2015-04-20T10:34:27","guid":{"rendered":"http:\/\/www.anarieldesign.com\/themedemos\/maisha\/?page_id=51"},"modified":"2024-03-04T11:42:27","modified_gmt":"2024-03-04T10:42:27","slug":"finalite","status":"publish","type":"page","link":"https:\/\/lahaut.bzh\/index.php\/front-page\/finalite\/","title":{"rendered":"Elementor #51"},"content":{"rendered":"\t\t<div data-elementor-type=\"wp-page\" data-elementor-id=\"51\" class=\"elementor elementor-51\" data-elementor-settings=\"{&quot;premium_particles_zindex&quot;:0,&quot;premium_particles_responsive&quot;:[&quot;desktop&quot;,&quot;tablet&quot;,&quot;mobile&quot;]}\">\n\t\t\t\t\t\t<section class=\"elementor-section elementor-top-section elementor-element elementor-element-396712cf elementor-section-boxed elementor-section-height-default elementor-section-height-default\" data-id=\"396712cf\" data-element_type=\"section\" data-settings=\"{&quot;premium_particles_zindex&quot;:0,&quot;premium_particles_responsive&quot;:[&quot;desktop&quot;,&quot;tablet&quot;,&quot;mobile&quot;]}\">\n\t\t\t\t\t\t<div class=\"elementor-container elementor-column-gap-default\">\n\t\t\t\t\t<div class=\"elementor-column elementor-col-100 elementor-top-column elementor-element elementor-element-846c45b\" data-id=\"846c45b\" data-element_type=\"column\" data-settings=\"{&quot;premium_particles_zindex&quot;:0,&quot;premium_particles_responsive&quot;:[&quot;desktop&quot;,&quot;tablet&quot;,&quot;mobile&quot;]}\">\n\t\t\t<div class=\"elementor-widget-wrap elementor-element-populated\">\n\t\t\t\t\t\t<div class=\"elementor-element elementor-element-1e423448 elementor-widget elementor-widget-text-editor\" data-id=\"1e423448\" data-element_type=\"widget\" data-widget_type=\"text-editor.default\">\n\t\t\t\t<div class=\"elementor-widget-container\">\n\t\t\t\t\t\t\t<p><!-- wp:paragraph {\"style\":{\"typography\":{\"fontSize\":25}}} --><\/p>\n<p><span style=\"color: #ffffff;\"><span style=\"font-size: 25px;\">Association<\/span><\/span><i><span style=\"color: #ffffff;\"><span style=\"font-size: 25px;\"> d&rsquo;\u00e9ducation<\/span><\/span><span style=\"color: #ffffff;\"><span style=\"font-size: 25px;\"> populaire&nbsp;<\/span><\/span><\/i><i style=\"font-family: inherit; font-weight: inherit; color: var( --e-global-color-text );\"><span style=\"color: #ffffff;\"><span style=\"font-size: 25px;\">qui questionne nos rapports au(x) vivant(s)&nbsp;<\/span><\/span><\/i><i style=\"font-family: inherit; font-weight: inherit; color: rgb(255, 255, 255); font-size: 25px;\">\u00e0 travers l&rsquo;Art, l&rsquo;Education et l&rsquo;Ecologie&nbsp;<\/i><span style=\"color: rgb(255, 255, 255); font-size: 25px;\"><i>dans un but de <\/i><\/span><i style=\"font-family: inherit; font-weight: inherit; color: rgb(255, 255, 255);\"><span style=\"font-size: 25px;\">transformation<\/span><span style=\"font-size: 25px;\">&nbsp;sociale&nbsp;<\/span><\/i><\/p>\n<p><!-- \/wp:paragraph --><\/p>\n<p><!-- wp:paragraph --><\/p>\n<p><!-- \/wp:paragraph --><\/p>\n<p><!-- wp:paragraph --><\/p>\n<p><!-- \/wp:paragraph --><\/p>\t\t\t\t\t\t<\/div>\n\t\t\t\t<\/div>\n\t\t\t\t\t<\/div>\n\t\t<\/div>\n\t\t\t\t\t<\/div>\n\t\t<\/section>\n\t\t\t\t<\/div>\n\t\t","protected":false},"excerpt":{"rendered":"<p>Association d&rsquo;\u00e9ducation populaire&nbsp;qui questionne nos rapports au(x) vivant(s)&nbsp;\u00e0 travers l&rsquo;Art, l&rsquo;Education et l&rsquo;Ecologie&nbsp;dans un but de transformation&nbsp;sociale&nbsp;<\/p>\n","protected":false},"author":1,"featured_media":3117,"parent":1176,"menu_order":0,"comment_status":"closed","ping_status":"closed","template":"page-templates\/front-page.php","meta":{"footnotes":""},"yoast_head":"<!-- This site is optimized with the Yoast SEO plugin v17.2.1 - https:\/\/yoast.com\/wordpress\/plugins\/seo\/ -->\n<title>Elementor #51 - L\u00e0-Haut<\/title>\n<meta name=\"robots\" content=\"index, follow, max-snippet:-1, max-image-preview:large, max-video-preview:-1\" \/>\n<link rel=\"canonical\" href=\"https:\/\/lahaut.bzh\/index.php\/front-page\/finalite\/\" \/>\n<meta property=\"og:locale\" content=\"fr_FR\" \/>\n<meta property=\"og:type\" content=\"article\" \/>\n<meta property=\"og:title\" content=\"Elementor #51 - L\u00e0-Haut\" \/>\n<meta property=\"og:description\" content=\"Association d&rsquo;\u00e9ducation populaire&nbsp;qui questionne nos rapports au(x) vivant(s)&nbsp;\u00e0 travers l&rsquo;Art, l&rsquo;Education et l&rsquo;Ecologie&nbsp;dans un but de transformation&nbsp;sociale&nbsp;\" \/>\n<meta property=\"og:url\" content=\"https:\/\/lahaut.bzh\/index.php\/front-page\/finalite\/\" \/>\n<meta property=\"og:site_name\" content=\"L\u00e0-Haut\" \/>\n<meta property=\"article:publisher\" content=\"https:\/\/fb.me\/Lahautbzh\" \/>\n<meta property=\"article:modified_time\" content=\"2024-03-04T10:42:27+00:00\" \/>\n<meta property=\"og:image\" content=\"https:\/\/lahaut.bzh\/wp-content\/uploads\/2020\/02\/page-accueil_05-1.gif\" \/>\n\t<meta property=\"og:image:width\" content=\"1600\" \/>\n\t<meta property=\"og:image:height\" content=\"286\" \/>\n<meta name=\"twitter:card\" content=\"summary_large_image\" \/>\n<meta name=\"twitter:label1\" content=\"Dur\u00e9e de lecture estim\u00e9e\" \/>\n\t<meta name=\"twitter:data1\" content=\"1 minute\" \/>\n<script type=\"application\/ld+json\" class=\"yoast-schema-graph\">{\"@context\":\"https:\/\/schema.org\",\"@graph\":[{\"@type\":\"Organization\",\"@id\":\"https:\/\/lahaut.bzh\/#organization\",\"name\":\"Association L\\u00e0-haut\",\"url\":\"https:\/\/lahaut.bzh\/\",\"sameAs\":[\"https:\/\/fb.me\/Lahautbzh\",\"https:\/\/www.instagram.com\/lahautbzh\/\"],\"logo\":{\"@type\":\"ImageObject\",\"@id\":\"https:\/\/lahaut.bzh\/#logo\",\"inLanguage\":\"fr-FR\",\"url\":\"https:\/\/lahaut.bzh\/wp-content\/uploads\/2020\/03\/logo-noir-verticale-classic-web.jpg\",\"contentUrl\":\"https:\/\/lahaut.bzh\/wp-content\/uploads\/2020\/03\/logo-noir-verticale-classic-web.jpg\",\"width\":400,\"height\":343,\"caption\":\"Association L\\u00e0-haut\"},\"image\":{\"@id\":\"https:\/\/lahaut.bzh\/#logo\"}},{\"@type\":\"WebSite\",\"@id\":\"https:\/\/lahaut.bzh\/#website\",\"url\":\"https:\/\/lahaut.bzh\/\",\"name\":\"L\\u00e0-Haut\",\"description\":\"Association \\u00e9co-citoyenne perch\\u00e9e : Formations BAFA, S\\u00e9jours, Grimpe d&#039;arbres ...\",\"publisher\":{\"@id\":\"https:\/\/lahaut.bzh\/#organization\"},\"potentialAction\":[{\"@type\":\"SearchAction\",\"target\":{\"@type\":\"EntryPoint\",\"urlTemplate\":\"https:\/\/lahaut.bzh\/?s={search_term_string}\"},\"query-input\":\"required name=search_term_string\"}],\"inLanguage\":\"fr-FR\"},{\"@type\":\"ImageObject\",\"@id\":\"https:\/\/lahaut.bzh\/index.php\/front-page\/finalite\/#primaryimage\",\"inLanguage\":\"fr-FR\",\"url\":\"https:\/\/lahaut.bzh\/wp-content\/uploads\/2020\/02\/page-accueil_05-1.gif\",\"contentUrl\":\"https:\/\/lahaut.bzh\/wp-content\/uploads\/2020\/02\/page-accueil_05-1.gif\",\"width\":1600,\"height\":286},{\"@type\":\"WebPage\",\"@id\":\"https:\/\/lahaut.bzh\/index.php\/front-page\/finalite\/#webpage\",\"url\":\"https:\/\/lahaut.bzh\/index.php\/front-page\/finalite\/\",\"name\":\"Elementor #51 - L\\u00e0-Haut\",\"isPartOf\":{\"@id\":\"https:\/\/lahaut.bzh\/#website\"},\"primaryImageOfPage\":{\"@id\":\"https:\/\/lahaut.bzh\/index.php\/front-page\/finalite\/#primaryimage\"},\"datePublished\":\"2015-04-20T10:34:27+00:00\",\"dateModified\":\"2024-03-04T10:42:27+00:00\",\"breadcrumb\":{\"@id\":\"https:\/\/lahaut.bzh\/index.php\/front-page\/finalite\/#breadcrumb\"},\"inLanguage\":\"fr-FR\",\"potentialAction\":[{\"@type\":\"ReadAction\",\"target\":[\"https:\/\/lahaut.bzh\/index.php\/front-page\/finalite\/\"]}]},{\"@type\":\"BreadcrumbList\",\"@id\":\"https:\/\/lahaut.bzh\/index.php\/front-page\/finalite\/#breadcrumb\",\"itemListElement\":[{\"@type\":\"ListItem\",\"position\":1,\"name\":\"Accueil\",\"item\":\"https:\/\/lahaut.bzh\/\"},{\"@type\":\"ListItem\",\"position\":2,\"name\":\"Page d&rsquo;accueil\",\"item\":\"https:\/\/lahaut.bzh\/\"},{\"@type\":\"ListItem\",\"position\":3,\"name\":\"Elementor #51\"}]}]}<\/script>\n<!-- \/ Yoast SEO plugin. -->","yoast_head_json":{"title":"Elementor #51 - L\u00e0-Haut","robots":{"index":"index","follow":"follow","max-snippet":"max-snippet:-1","max-image-preview":"max-image-preview:large","max-video-preview":"max-video-preview:-1"},"canonical":"https:\/\/lahaut.bzh\/index.php\/front-page\/finalite\/","og_locale":"fr_FR","og_type":"article","og_title":"Elementor #51 - L\u00e0-Haut","og_description":"Association d&rsquo;\u00e9ducation populaire&nbsp;qui questionne nos rapports au(x) vivant(s)&nbsp;\u00e0 travers l&rsquo;Art, l&rsquo;Education et l&rsquo;Ecologie&nbsp;dans un but de transformation&nbsp;sociale&nbsp;","og_url":"https:\/\/lahaut.bzh\/index.php\/front-page\/finalite\/","og_site_name":"L\u00e0-Haut","article_publisher":"https:\/\/fb.me\/Lahautbzh","article_modified_time":"2024-03-04T10:42:27+00:00","og_image":[{"width":1600,"height":286,"url":"https:\/\/lahaut.bzh\/wp-content\/uploads\/2020\/02\/page-accueil_05-1.gif","path":"\/home\/dnkoosj\/www\/wp-content\/uploads\/2020\/02\/page-accueil_05-1.gif","size":"full","id":3117,"alt":"","pixels":457600,"type":"image\/gif"}],"twitter_card":"summary_large_image","twitter_misc":{"Dur\u00e9e de lecture estim\u00e9e":"1 minute"},"schema":{"@context":"https:\/\/schema.org","@graph":[{"@type":"Organization","@id":"https:\/\/lahaut.bzh\/#organization","name":"Association L\u00e0-haut","url":"https:\/\/lahaut.bzh\/","sameAs":["https:\/\/fb.me\/Lahautbzh","https:\/\/www.instagram.com\/lahautbzh\/"],"logo":{"@type":"ImageObject","@id":"https:\/\/lahaut.bzh\/#logo","inLanguage":"fr-FR","url":"https:\/\/lahaut.bzh\/wp-content\/uploads\/2020\/03\/logo-noir-verticale-classic-web.jpg","contentUrl":"https:\/\/lahaut.bzh\/wp-content\/uploads\/2020\/03\/logo-noir-verticale-classic-web.jpg","width":400,"height":343,"caption":"Association L\u00e0-haut"},"image":{"@id":"https:\/\/lahaut.bzh\/#logo"}},{"@type":"WebSite","@id":"https:\/\/lahaut.bzh\/#website","url":"https:\/\/lahaut.bzh\/","name":"L\u00e0-Haut","description":"Association \u00e9co-citoyenne perch\u00e9e : Formations BAFA, S\u00e9jours, Grimpe d&#039;arbres ...","publisher":{"@id":"https:\/\/lahaut.bzh\/#organization"},"potentialAction":[{"@type":"SearchAction","target":{"@type":"EntryPoint","urlTemplate":"https:\/\/lahaut.bzh\/?s={search_term_string}"},"query-input":"required name=search_term_string"}],"inLanguage":"fr-FR"},{"@type":"ImageObject","@id":"https:\/\/lahaut.bzh\/index.php\/front-page\/finalite\/#primaryimage","inLanguage":"fr-FR","url":"https:\/\/lahaut.bzh\/wp-content\/uploads\/2020\/02\/page-accueil_05-1.gif","contentUrl":"https:\/\/lahaut.bzh\/wp-content\/uploads\/2020\/02\/page-accueil_05-1.gif","width":1600,"height":286},{"@type":"WebPage","@id":"https:\/\/lahaut.bzh\/index.php\/front-page\/finalite\/#webpage","url":"https:\/\/lahaut.bzh\/index.php\/front-page\/finalite\/","name":"Elementor #51 - L\u00e0-Haut","isPartOf":{"@id":"https:\/\/lahaut.bzh\/#website"},"primaryImageOfPage":{"@id":"https:\/\/lahaut.bzh\/index.php\/front-page\/finalite\/#primaryimage"},"datePublished":"2015-04-20T10:34:27+00:00","dateModified":"2024-03-04T10:42:27+00:00","breadcrumb":{"@id":"https:\/\/lahaut.bzh\/index.php\/front-page\/finalite\/#breadcrumb"},"inLanguage":"fr-FR","potentialAction":[{"@type":"ReadAction","target":["https:\/\/lahaut.bzh\/index.php\/front-page\/finalite\/"]}]},{"@type":"BreadcrumbList","@id":"https:\/\/lahaut.bzh\/index.php\/front-page\/finalite\/#breadcrumb","itemListElement":[{"@type":"ListItem","position":1,"name":"Accueil","item":"https:\/\/lahaut.bzh\/"},{"@type":"ListItem","position":2,"name":"Page d&rsquo;accueil","item":"https:\/\/lahaut.bzh\/"},{"@type":"ListItem","position":3,"name":"Elementor #51"}]}]}},"_links":{"self":[{"href":"https:\/\/lahaut.bzh\/index.php\/wp-json\/wp\/v2\/pages\/51"}],"collection":[{"href":"https:\/\/lahaut.bzh\/index.php\/wp-json\/wp\/v2\/pages"}],"about":[{"href":"https:\/\/lahaut.bzh\/index.php\/wp-json\/wp\/v2\/types\/page"}],"author":[{"embeddable":true,"href":"https:\/\/lahaut.bzh\/index.php\/wp-json\/wp\/v2\/users\/1"}],"replies":[{"embeddable":true,"href":"https:\/\/lahaut.bzh\/index.php\/wp-json\/wp\/v2\/comments?post=51"}],"version-history":[{"count":47,"href":"https:\/\/lahaut.bzh\/index.php\/wp-json\/wp\/v2\/pages\/51\/revisions"}],"predecessor-version":[{"id":7365,"href":"https:\/\/lahaut.bzh\/index.php\/wp-json\/wp\/v2\/pages\/51\/revisions\/7365"}],"up":[{"embeddable":true,"href":"https:\/\/lahaut.bzh\/index.php\/wp-json\/wp\/v2\/pages\/1176"}],"wp:featuredmedia":[{"embeddable":true,"href":"https:\/\/lahaut.bzh\/index.php\/wp-json\/wp\/v2\/media\/3117"}],"wp:attachment":[{"href":"https:\/\/lahaut.bzh\/index.php\/wp-json\/wp\/v2\/media?parent=51"}],"curies":[{"name":"wp","href":"https:\/\/api.w.org\/{rel}","templated":true}]}}