{"id":4740,"date":"2021-06-10T09:22:24","date_gmt":"2021-06-10T07:22:24","guid":{"rendered":"https:\/\/lahaut.bzh\/?page_id=4740"},"modified":"2021-06-10T09:22:26","modified_gmt":"2021-06-10T07:22:26","slug":"inscription-nuits-des-forets","status":"publish","type":"page","link":"https:\/\/lahaut.bzh\/index.php\/inscription-nuits-des-forets\/","title":{"rendered":"Inscription Nuits des for\u00eats"},"content":{"rendered":"\n<div class=\"wpforms-container wpforms-container-full\" id=\"wpforms-4736\"><form id=\"wpforms-form-4736\" class=\"wpforms-validate wpforms-form wpforms-ajax-form\" data-formid=\"4736\" method=\"post\" enctype=\"multipart\/form-data\" action=\"\/index.php\/wp-json\/wp\/v2\/pages\/4740\" data-token=\"32b24ad98c8ae5b6330ef5568783c544\"><noscript class=\"wpforms-error-noscript\">Veuillez activer JavaScript dans votre navigateur pour remplir ce formulaire.<\/noscript><div class=\"wpforms-field-container\"><div id=\"wpforms-4736-field_1-container\" class=\"wpforms-field wpforms-field-text\" data-field-id=\"1\"><label class=\"wpforms-field-label\" for=\"wpforms-4736-field_1\">Nom <span class=\"wpforms-required-label\">*<\/span><\/label><input type=\"text\" id=\"wpforms-4736-field_1\" class=\"wpforms-field-medium wpforms-field-required\" name=\"wpforms[fields][1]\" required><\/div><div id=\"wpforms-4736-field_2-container\" class=\"wpforms-field wpforms-field-text\" data-field-id=\"2\"><label class=\"wpforms-field-label\" for=\"wpforms-4736-field_2\">Pr\u00e9nom <span class=\"wpforms-required-label\">*<\/span><\/label><input type=\"text\" id=\"wpforms-4736-field_2\" class=\"wpforms-field-medium wpforms-field-required\" name=\"wpforms[fields][2]\" required><\/div><div id=\"wpforms-4736-field_4-container\" class=\"wpforms-field wpforms-field-text\" data-field-id=\"4\"><label class=\"wpforms-field-label\" for=\"wpforms-4736-field_4\">Age <span class=\"wpforms-required-label\">*<\/span><\/label><input type=\"text\" id=\"wpforms-4736-field_4\" class=\"wpforms-field-medium wpforms-field-required\" name=\"wpforms[fields][4]\" required><\/div><div id=\"wpforms-4736-field_7-container\" class=\"wpforms-field wpforms-field-text\" data-field-id=\"7\"><label class=\"wpforms-field-label\" for=\"wpforms-4736-field_7\">Adresse <span class=\"wpforms-required-label\">*<\/span><\/label><input type=\"text\" id=\"wpforms-4736-field_7\" class=\"wpforms-field-medium wpforms-field-required\" name=\"wpforms[fields][7]\" required><\/div><div id=\"wpforms-4736-field_8-container\" class=\"wpforms-field wpforms-field-text\" data-field-id=\"8\"><label class=\"wpforms-field-label\" for=\"wpforms-4736-field_8\">Code postale <span class=\"wpforms-required-label\">*<\/span><\/label><input type=\"text\" id=\"wpforms-4736-field_8\" class=\"wpforms-field-medium wpforms-field-required\" name=\"wpforms[fields][8]\" required><\/div><div id=\"wpforms-4736-field_9-container\" class=\"wpforms-field wpforms-field-text\" data-field-id=\"9\"><label class=\"wpforms-field-label\" for=\"wpforms-4736-field_9\">Ville <span class=\"wpforms-required-label\">*<\/span><\/label><input type=\"text\" id=\"wpforms-4736-field_9\" class=\"wpforms-field-medium wpforms-field-required\" name=\"wpforms[fields][9]\" required><\/div><div id=\"wpforms-4736-field_10-container\" class=\"wpforms-field wpforms-field-text\" data-field-id=\"10\"><label class=\"wpforms-field-label\" for=\"wpforms-4736-field_10\">Num\u00e9ro de t\u00e9l\u00e9phone <span class=\"wpforms-required-label\">*<\/span><\/label><input type=\"text\" id=\"wpforms-4736-field_10\" class=\"wpforms-field-medium wpforms-field-required\" name=\"wpforms[fields][10]\" required><\/div><div id=\"wpforms-4736-field_11-container\" class=\"wpforms-field wpforms-field-text\" data-field-id=\"11\"><label class=\"wpforms-field-label\" for=\"wpforms-4736-field_11\">Mail <span class=\"wpforms-required-label\">*<\/span><\/label><input type=\"text\" id=\"wpforms-4736-field_11\" class=\"wpforms-field-medium wpforms-field-required\" name=\"wpforms[fields][11]\" required><\/div><div id=\"wpforms-4736-field_25-container\" class=\"wpforms-field wpforms-field-radio wpforms-conditional-trigger\" data-field-id=\"25\"><label class=\"wpforms-field-label\" for=\"wpforms-4736-field_25\">Je souhaite participer \u00e0 <\/label><ul id=\"wpforms-4736-field_25\"><li class=\"choice-2 depth-1\"><input type=\"radio\" id=\"wpforms-4736-field_25_2\" name=\"wpforms[fields][25]\" value=\"L&#039;exp\u00e9rience chor\u00e9grpahique de 14h \u00e0 16h\"  ><label class=\"wpforms-field-label-inline\" for=\"wpforms-4736-field_25_2\">L'exp\u00e9rience chor\u00e9grpahique de 14h \u00e0 16h<\/label><\/li><li class=\"choice-3 depth-1\"><input type=\"radio\" id=\"wpforms-4736-field_25_3\" name=\"wpforms[fields][25]\" value=\"Bivouac perch\u00e9 (40\u20ac\/pers) \u00e0 partir de 12 ans, de 18h \u00e0 11h le dimanche\"  ><label class=\"wpforms-field-label-inline\" for=\"wpforms-4736-field_25_3\">Bivouac perch\u00e9 (40\u20ac\/pers) \u00e0 partir de 12 ans, de 18h \u00e0 11h le dimanche<\/label><\/li><\/ul><div class=\"wpforms-field-description\">Pour le Bivouac, merci de r\u00e9gler la somme (ch\u00e8que, virement, esp\u00e8ces) avant le 25 juin. En cas d'annulation (m\u00e9t\u00e9o...), la somme vous sera int\u00e9gralement rembours\u00e9e.<\/div><\/div><div id=\"wpforms-4736-field_16-container\" class=\"wpforms-field wpforms-field-radio wpforms-conditional-field wpforms-conditional-show\" data-field-id=\"16\" style=\"display:none;\"><label class=\"wpforms-field-label\" for=\"wpforms-4736-field_16\">Paiement 40\u20ac<\/label><ul id=\"wpforms-4736-field_16\"><li class=\"choice-1 depth-1\"><input type=\"radio\" id=\"wpforms-4736-field_16_1\" name=\"wpforms[fields][16]\" value=\"J&#039;envoie un ch\u00e8que \u00e0 l&#039;ordre de l&#039;association L\u00e0-Haut au 280 route de Sainte foix \u00e0 Rennes\"  ><label class=\"wpforms-field-label-inline\" for=\"wpforms-4736-field_16_1\">J'envoie un ch\u00e8que \u00e0 l'ordre de l'association L\u00e0-Haut au 280 route de Sainte foix \u00e0 Rennes<\/label><\/li><li class=\"choice-2 depth-1\"><input type=\"radio\" id=\"wpforms-4736-field_16_2\" name=\"wpforms[fields][16]\" value=\"J&#039;effectue un virement : IBAN : FR76 4255 9100 0008 0235 8173 617 \u2028BIC : CCOPFRPPXXX\"  ><label class=\"wpforms-field-label-inline\" for=\"wpforms-4736-field_16_2\">J'effectue un virement : IBAN : FR76 4255 9100 0008 0235 8173 617 \u2028BIC : CCOPFRPPXXX<\/label><\/li><li class=\"choice-3 depth-1\"><input type=\"radio\" id=\"wpforms-4736-field_16_3\" name=\"wpforms[fields][16]\" value=\"J&#039;apporte mon r\u00e9glement en esp\u00e8ce au 280 route de Sainte foix \u00e0 Rennes\"  ><label class=\"wpforms-field-label-inline\" for=\"wpforms-4736-field_16_3\">J'apporte mon r\u00e9glement en esp\u00e8ce au 280 route de Sainte foix \u00e0 Rennes<\/label><\/li><\/ul><div class=\"wpforms-field-description\">Pour le Bivouac, merci de r\u00e9gler la somme (ch\u00e8que, virement, esp\u00e8ces) avant le 25 juin. En cas d'annulation (m\u00e9t\u00e9o...), la somme vous sera int\u00e9gralement rembours\u00e9e.<\/div><\/div><div id=\"wpforms-4736-field_24-container\" class=\"wpforms-field wpforms-field-checkbox\" data-field-id=\"24\"><label class=\"wpforms-field-label\" for=\"wpforms-4736-field_24\">Je donne mon accord pour \u00eatre photographi\u00e9 ou film\u00e9 pendant l&#039;\u00e9v\u00e8nement dans un but strictement li\u00e9 \u00e0 la communication des activit\u00e9s de l&#039;association<\/label><ul id=\"wpforms-4736-field_24\"><li class=\"choice-1 depth-1\"><input type=\"checkbox\" id=\"wpforms-4736-field_24_1\" name=\"wpforms[fields][24][]\" value=\"Oui\"  ><label class=\"wpforms-field-label-inline\" for=\"wpforms-4736-field_24_1\">Oui<\/label><\/li><li class=\"choice-2 depth-1\"><input type=\"checkbox\" id=\"wpforms-4736-field_24_2\" name=\"wpforms[fields][24][]\" value=\"Non\"  ><label class=\"wpforms-field-label-inline\" for=\"wpforms-4736-field_24_2\">Non<\/label><\/li><\/ul><\/div><\/div><div class=\"wpforms-field wpforms-field-hp\"><label for=\"wpforms-4736-field-hp\" class=\"wpforms-field-label\">Phone<\/label><input type=\"text\" name=\"wpforms[hp]\" id=\"wpforms-4736-field-hp\" class=\"wpforms-field-medium\"><\/div><div class=\"wpforms-recaptcha-container wpforms-is-recaptcha\" ><div class=\"g-recaptcha\" data-sitekey=\"6Lcpi-AUAAAAAJ1O1RaKwJN4IAyvZlaxm_lTOVXF\"><\/div><input type=\"text\" name=\"g-recaptcha-hidden\" class=\"wpforms-recaptcha-hidden\" style=\"position:absolute!important;clip:rect(0,0,0,0)!important;height:1px!important;width:1px!important;border:0!important;overflow:hidden!important;padding:0!important;margin:0!important;\" required><\/div><div class=\"wpforms-submit-container\" ><input type=\"hidden\" name=\"wpforms[id]\" value=\"4736\"><input type=\"hidden\" name=\"wpforms[author]\" value=\"1\"><button type=\"submit\" name=\"wpforms[submit]\" class=\"wpforms-submit \" id=\"wpforms-submit-4736\" value=\"wpforms-submit\" aria-live=\"assertive\" data-alt-text=\"Envoi...\" data-submit-text=\"Finaliser l&#039;inscription\">Finaliser l&#039;inscription<\/button><img decoding=\"async\" src=\"https:\/\/lahaut.bzh\/wp-content\/plugins\/wpforms\/assets\/images\/submit-spin.svg\" class=\"wpforms-submit-spinner\" style=\"display: none;\" width=\"26\" height=\"26\" alt=\"\"><\/div><\/form><\/div>  <!-- .wpforms-container -->\n","protected":false},"excerpt":{"rendered":"","protected":false},"author":1,"featured_media":4741,"parent":0,"menu_order":0,"comment_status":"closed","ping_status":"closed","template":"","meta":{"footnotes":""},"yoast_head":"<!-- This site is optimized with the Yoast SEO plugin v17.2.1 - https:\/\/yoast.com\/wordpress\/plugins\/seo\/ -->\n<title>Inscription Nuits des for\u00eats - L\u00e0-Haut<\/title>\n<meta name=\"robots\" content=\"index, follow, max-snippet:-1, max-image-preview:large, max-video-preview:-1\" \/>\n<link rel=\"canonical\" href=\"https:\/\/lahaut.bzh\/index.php\/inscription-nuits-des-forets\/\" \/>\n<meta property=\"og:locale\" content=\"fr_FR\" \/>\n<meta property=\"og:type\" content=\"article\" \/>\n<meta property=\"og:title\" content=\"Inscription Nuits des for\u00eats - L\u00e0-Haut\" \/>\n<meta property=\"og:url\" content=\"https:\/\/lahaut.bzh\/index.php\/inscription-nuits-des-forets\/\" \/>\n<meta property=\"og:site_name\" content=\"L\u00e0-Haut\" \/>\n<meta property=\"article:publisher\" content=\"https:\/\/fb.me\/Lahautbzh\" \/>\n<meta property=\"article:modified_time\" content=\"2021-06-10T07:22:26+00:00\" \/>\n<meta property=\"og:image\" content=\"https:\/\/lahaut.bzh\/wp-content\/uploads\/2021\/06\/FB2-publications-tout.jpg\" \/>\n\t<meta property=\"og:image:width\" content=\"1200\" \/>\n\t<meta property=\"og:image:height\" content=\"630\" \/>\n<meta name=\"twitter:card\" content=\"summary_large_image\" \/>\n<script type=\"application\/ld+json\" class=\"yoast-schema-graph\">{\"@context\":\"https:\/\/schema.org\",\"@graph\":[{\"@type\":\"Organization\",\"@id\":\"https:\/\/lahaut.bzh\/#organization\",\"name\":\"Association L\\u00e0-haut\",\"url\":\"https:\/\/lahaut.bzh\/\",\"sameAs\":[\"https:\/\/fb.me\/Lahautbzh\",\"https:\/\/www.instagram.com\/lahautbzh\/\"],\"logo\":{\"@type\":\"ImageObject\",\"@id\":\"https:\/\/lahaut.bzh\/#logo\",\"inLanguage\":\"fr-FR\",\"url\":\"https:\/\/lahaut.bzh\/wp-content\/uploads\/2020\/03\/logo-noir-verticale-classic-web.jpg\",\"contentUrl\":\"https:\/\/lahaut.bzh\/wp-content\/uploads\/2020\/03\/logo-noir-verticale-classic-web.jpg\",\"width\":400,\"height\":343,\"caption\":\"Association L\\u00e0-haut\"},\"image\":{\"@id\":\"https:\/\/lahaut.bzh\/#logo\"}},{\"@type\":\"WebSite\",\"@id\":\"https:\/\/lahaut.bzh\/#website\",\"url\":\"https:\/\/lahaut.bzh\/\",\"name\":\"L\\u00e0-Haut\",\"description\":\"Association \\u00e9co-citoyenne perch\\u00e9e : Formations BAFA, S\\u00e9jours, Grimpe d&#039;arbres ...\",\"publisher\":{\"@id\":\"https:\/\/lahaut.bzh\/#organization\"},\"potentialAction\":[{\"@type\":\"SearchAction\",\"target\":{\"@type\":\"EntryPoint\",\"urlTemplate\":\"https:\/\/lahaut.bzh\/?s={search_term_string}\"},\"query-input\":\"required name=search_term_string\"}],\"inLanguage\":\"fr-FR\"},{\"@type\":\"ImageObject\",\"@id\":\"https:\/\/lahaut.bzh\/index.php\/inscription-nuits-des-forets\/#primaryimage\",\"inLanguage\":\"fr-FR\",\"url\":\"https:\/\/lahaut.bzh\/wp-content\/uploads\/2021\/06\/FB2-publications-tout.jpg\",\"contentUrl\":\"https:\/\/lahaut.bzh\/wp-content\/uploads\/2021\/06\/FB2-publications-tout.jpg\",\"width\":1200,\"height\":630},{\"@type\":\"WebPage\",\"@id\":\"https:\/\/lahaut.bzh\/index.php\/inscription-nuits-des-forets\/#webpage\",\"url\":\"https:\/\/lahaut.bzh\/index.php\/inscription-nuits-des-forets\/\",\"name\":\"Inscription Nuits des for\\u00eats - L\\u00e0-Haut\",\"isPartOf\":{\"@id\":\"https:\/\/lahaut.bzh\/#website\"},\"primaryImageOfPage\":{\"@id\":\"https:\/\/lahaut.bzh\/index.php\/inscription-nuits-des-forets\/#primaryimage\"},\"datePublished\":\"2021-06-10T07:22:24+00:00\",\"dateModified\":\"2021-06-10T07:22:26+00:00\",\"breadcrumb\":{\"@id\":\"https:\/\/lahaut.bzh\/index.php\/inscription-nuits-des-forets\/#breadcrumb\"},\"inLanguage\":\"fr-FR\",\"potentialAction\":[{\"@type\":\"ReadAction\",\"target\":[\"https:\/\/lahaut.bzh\/index.php\/inscription-nuits-des-forets\/\"]}]},{\"@type\":\"BreadcrumbList\",\"@id\":\"https:\/\/lahaut.bzh\/index.php\/inscription-nuits-des-forets\/#breadcrumb\",\"itemListElement\":[{\"@type\":\"ListItem\",\"position\":1,\"name\":\"Accueil\",\"item\":\"https:\/\/lahaut.bzh\/\"},{\"@type\":\"ListItem\",\"position\":2,\"name\":\"Inscription Nuits des for\\u00eats\"}]}]}<\/script>\n<!-- \/ Yoast SEO plugin. -->","yoast_head_json":{"title":"Inscription Nuits des for\u00eats - L\u00e0-Haut","robots":{"index":"index","follow":"follow","max-snippet":"max-snippet:-1","max-image-preview":"max-image-preview:large","max-video-preview":"max-video-preview:-1"},"canonical":"https:\/\/lahaut.bzh\/index.php\/inscription-nuits-des-forets\/","og_locale":"fr_FR","og_type":"article","og_title":"Inscription Nuits des for\u00eats - L\u00e0-Haut","og_url":"https:\/\/lahaut.bzh\/index.php\/inscription-nuits-des-forets\/","og_site_name":"L\u00e0-Haut","article_publisher":"https:\/\/fb.me\/Lahautbzh","article_modified_time":"2021-06-10T07:22:26+00:00","og_image":[{"width":1200,"height":630,"url":"https:\/\/lahaut.bzh\/wp-content\/uploads\/2021\/06\/FB2-publications-tout.jpg","path":"\/home\/dnkoosj\/www\/wp-content\/uploads\/2021\/06\/FB2-publications-tout.jpg","size":"full","id":4741,"alt":"","pixels":756000,"type":"image\/jpeg"}],"twitter_card":"summary_large_image","schema":{"@context":"https:\/\/schema.org","@graph":[{"@type":"Organization","@id":"https:\/\/lahaut.bzh\/#organization","name":"Association L\u00e0-haut","url":"https:\/\/lahaut.bzh\/","sameAs":["https:\/\/fb.me\/Lahautbzh","https:\/\/www.instagram.com\/lahautbzh\/"],"logo":{"@type":"ImageObject","@id":"https:\/\/lahaut.bzh\/#logo","inLanguage":"fr-FR","url":"https:\/\/lahaut.bzh\/wp-content\/uploads\/2020\/03\/logo-noir-verticale-classic-web.jpg","contentUrl":"https:\/\/lahaut.bzh\/wp-content\/uploads\/2020\/03\/logo-noir-verticale-classic-web.jpg","width":400,"height":343,"caption":"Association L\u00e0-haut"},"image":{"@id":"https:\/\/lahaut.bzh\/#logo"}},{"@type":"WebSite","@id":"https:\/\/lahaut.bzh\/#website","url":"https:\/\/lahaut.bzh\/","name":"L\u00e0-Haut","description":"Association \u00e9co-citoyenne perch\u00e9e : Formations BAFA, S\u00e9jours, Grimpe d&#039;arbres ...","publisher":{"@id":"https:\/\/lahaut.bzh\/#organization"},"potentialAction":[{"@type":"SearchAction","target":{"@type":"EntryPoint","urlTemplate":"https:\/\/lahaut.bzh\/?s={search_term_string}"},"query-input":"required name=search_term_string"}],"inLanguage":"fr-FR"},{"@type":"ImageObject","@id":"https:\/\/lahaut.bzh\/index.php\/inscription-nuits-des-forets\/#primaryimage","inLanguage":"fr-FR","url":"https:\/\/lahaut.bzh\/wp-content\/uploads\/2021\/06\/FB2-publications-tout.jpg","contentUrl":"https:\/\/lahaut.bzh\/wp-content\/uploads\/2021\/06\/FB2-publications-tout.jpg","width":1200,"height":630},{"@type":"WebPage","@id":"https:\/\/lahaut.bzh\/index.php\/inscription-nuits-des-forets\/#webpage","url":"https:\/\/lahaut.bzh\/index.php\/inscription-nuits-des-forets\/","name":"Inscription Nuits des for\u00eats - L\u00e0-Haut","isPartOf":{"@id":"https:\/\/lahaut.bzh\/#website"},"primaryImageOfPage":{"@id":"https:\/\/lahaut.bzh\/index.php\/inscription-nuits-des-forets\/#primaryimage"},"datePublished":"2021-06-10T07:22:24+00:00","dateModified":"2021-06-10T07:22:26+00:00","breadcrumb":{"@id":"https:\/\/lahaut.bzh\/index.php\/inscription-nuits-des-forets\/#breadcrumb"},"inLanguage":"fr-FR","potentialAction":[{"@type":"ReadAction","target":["https:\/\/lahaut.bzh\/index.php\/inscription-nuits-des-forets\/"]}]},{"@type":"BreadcrumbList","@id":"https:\/\/lahaut.bzh\/index.php\/inscription-nuits-des-forets\/#breadcrumb","itemListElement":[{"@type":"ListItem","position":1,"name":"Accueil","item":"https:\/\/lahaut.bzh\/"},{"@type":"ListItem","position":2,"name":"Inscription Nuits des for\u00eats"}]}]}},"_links":{"self":[{"href":"https:\/\/lahaut.bzh\/index.php\/wp-json\/wp\/v2\/pages\/4740"}],"collection":[{"href":"https:\/\/lahaut.bzh\/index.php\/wp-json\/wp\/v2\/pages"}],"about":[{"href":"https:\/\/lahaut.bzh\/index.php\/wp-json\/wp\/v2\/types\/page"}],"author":[{"embeddable":true,"href":"https:\/\/lahaut.bzh\/index.php\/wp-json\/wp\/v2\/users\/1"}],"replies":[{"embeddable":true,"href":"https:\/\/lahaut.bzh\/index.php\/wp-json\/wp\/v2\/comments?post=4740"}],"version-history":[{"count":1,"href":"https:\/\/lahaut.bzh\/index.php\/wp-json\/wp\/v2\/pages\/4740\/revisions"}],"predecessor-version":[{"id":4743,"href":"https:\/\/lahaut.bzh\/index.php\/wp-json\/wp\/v2\/pages\/4740\/revisions\/4743"}],"wp:featuredmedia":[{"embeddable":true,"href":"https:\/\/lahaut.bzh\/index.php\/wp-json\/wp\/v2\/media\/4741"}],"wp:attachment":[{"href":"https:\/\/lahaut.bzh\/index.php\/wp-json\/wp\/v2\/media?parent=4740"}],"curies":[{"name":"wp","href":"https:\/\/api.w.org\/{rel}","templated":true}]}}