{"id":4710,"date":"2021-05-13T13:59:35","date_gmt":"2021-05-13T11:59:35","guid":{"rendered":"https:\/\/lahaut.bzh\/?page_id=4710"},"modified":"2021-05-13T13:59:36","modified_gmt":"2021-05-13T11:59:36","slug":"formulaire-dadhesion-la-haut","status":"publish","type":"page","link":"https:\/\/lahaut.bzh\/index.php\/formulaire-dadhesion-la-haut\/","title":{"rendered":"Formulaire d&rsquo;adh\u00e9sion L\u00e0-Haut"},"content":{"rendered":"\n<div class=\"wpforms-container wpforms-container-full\" id=\"wpforms-4707\"><form id=\"wpforms-form-4707\" class=\"wpforms-validate wpforms-form wpforms-ajax-form\" data-formid=\"4707\" method=\"post\" enctype=\"multipart\/form-data\" action=\"\/index.php\/wp-json\/wp\/v2\/pages\/4710\" data-token=\"4af5c78bd4399376aed543c82c1ddd86\"><noscript class=\"wpforms-error-noscript\">Veuillez activer JavaScript dans votre navigateur pour remplir ce formulaire.<\/noscript><div class=\"wpforms-page-indicator progress\" data-indicator=\"progress\" data-indicator-color=\"#72b239\" data-scroll=\"1\"><span class=\"wpforms-page-indicator-page-title\" data-page-1-title=\"Informations\" data-page-2-title=\"Paiement\" data-page-3-title=\"Droit \u00e0 l&#039;image\" >Informations<\/span><span class=\"wpforms-page-indicator-page-title-sep\" > - <\/span><span class=\"wpforms-page-indicator-steps\">\u00c9tape <span class=\"wpforms-page-indicator-steps-current\">1<\/span> sur 3<\/span><div class=\"wpforms-page-indicator-page-progress-wrap\"><div class=\"wpforms-page-indicator-page-progress\" style=\"width:33.333333333333%;background-color:#72b239;\"><\/div><\/div><\/div><div class=\"wpforms-field-container\"><div class=\"wpforms-page wpforms-page-1 \"><div id=\"wpforms-4707-field_13-container\" class=\"wpforms-field wpforms-field-pagebreak\" data-field-id=\"13\"><\/div><div id=\"wpforms-4707-field_1-container\" class=\"wpforms-field wpforms-field-text\" data-field-id=\"1\"><label class=\"wpforms-field-label\" for=\"wpforms-4707-field_1\">Nom <span class=\"wpforms-required-label\">*<\/span><\/label><input type=\"text\" id=\"wpforms-4707-field_1\" class=\"wpforms-field-medium wpforms-field-required\" name=\"wpforms[fields][1]\" required><\/div><div id=\"wpforms-4707-field_2-container\" class=\"wpforms-field wpforms-field-text\" data-field-id=\"2\"><label class=\"wpforms-field-label\" for=\"wpforms-4707-field_2\">Pr\u00e9nom <span class=\"wpforms-required-label\">*<\/span><\/label><input type=\"text\" id=\"wpforms-4707-field_2\" class=\"wpforms-field-medium wpforms-field-required\" name=\"wpforms[fields][2]\" required><\/div><div id=\"wpforms-4707-field_3-container\" class=\"wpforms-field wpforms-field-text\" data-field-id=\"3\"><label class=\"wpforms-field-label\" for=\"wpforms-4707-field_3\">Date de naissance <span class=\"wpforms-required-label\">*<\/span><\/label><input type=\"text\" id=\"wpforms-4707-field_3\" class=\"wpforms-field-medium wpforms-field-required\" name=\"wpforms[fields][3]\" required><\/div><div id=\"wpforms-4707-field_4-container\" class=\"wpforms-field wpforms-field-text\" data-field-id=\"4\"><label class=\"wpforms-field-label\" for=\"wpforms-4707-field_4\">Age <span class=\"wpforms-required-label\">*<\/span><\/label><input type=\"text\" id=\"wpforms-4707-field_4\" class=\"wpforms-field-medium wpforms-field-required\" name=\"wpforms[fields][4]\" required><\/div><div id=\"wpforms-4707-field_7-container\" class=\"wpforms-field wpforms-field-text\" data-field-id=\"7\"><label class=\"wpforms-field-label\" for=\"wpforms-4707-field_7\">Adresse <span class=\"wpforms-required-label\">*<\/span><\/label><input type=\"text\" id=\"wpforms-4707-field_7\" class=\"wpforms-field-medium wpforms-field-required\" name=\"wpforms[fields][7]\" required><\/div><div id=\"wpforms-4707-field_8-container\" class=\"wpforms-field wpforms-field-text\" data-field-id=\"8\"><label class=\"wpforms-field-label\" for=\"wpforms-4707-field_8\">Code postale <span class=\"wpforms-required-label\">*<\/span><\/label><input type=\"text\" id=\"wpforms-4707-field_8\" class=\"wpforms-field-medium wpforms-field-required\" name=\"wpforms[fields][8]\" required><\/div><div id=\"wpforms-4707-field_9-container\" class=\"wpforms-field wpforms-field-text\" data-field-id=\"9\"><label class=\"wpforms-field-label\" for=\"wpforms-4707-field_9\">Ville <span class=\"wpforms-required-label\">*<\/span><\/label><input type=\"text\" id=\"wpforms-4707-field_9\" class=\"wpforms-field-medium wpforms-field-required\" name=\"wpforms[fields][9]\" required><\/div><div id=\"wpforms-4707-field_10-container\" class=\"wpforms-field wpforms-field-text\" data-field-id=\"10\"><label class=\"wpforms-field-label\" for=\"wpforms-4707-field_10\">Num\u00e9ro de t\u00e9l\u00e9phone <span class=\"wpforms-required-label\">*<\/span><\/label><input type=\"text\" id=\"wpforms-4707-field_10\" class=\"wpforms-field-medium wpforms-field-required\" name=\"wpforms[fields][10]\" required><\/div><div id=\"wpforms-4707-field_11-container\" class=\"wpforms-field wpforms-field-text\" data-field-id=\"11\"><label class=\"wpforms-field-label\" for=\"wpforms-4707-field_11\">Mail <span class=\"wpforms-required-label\">*<\/span><\/label><input type=\"text\" id=\"wpforms-4707-field_11\" class=\"wpforms-field-medium wpforms-field-required\" name=\"wpforms[fields][11]\" required><\/div><div id=\"wpforms-4707-field_25-container\" class=\"wpforms-field wpforms-field-radio\" data-field-id=\"25\"><label class=\"wpforms-field-label\" for=\"wpforms-4707-field_25\">Je souhaiterais :<\/label><ul id=\"wpforms-4707-field_25\"><li class=\"choice-2 depth-1\"><input type=\"radio\" id=\"wpforms-4707-field_25_2\" name=\"wpforms[fields][25]\" value=\"Soutenir l&#039;association \u00e0 travers mon adh\u00e9sion\"  ><label class=\"wpforms-field-label-inline\" for=\"wpforms-4707-field_25_2\">Soutenir l'association \u00e0 travers mon adh\u00e9sion<\/label><\/li><li class=\"choice-3 depth-1\"><input type=\"radio\" id=\"wpforms-4707-field_25_3\" name=\"wpforms[fields][25]\" value=\"Participer \u00e0 la commission p\u00e9dagogie du dehors\"  ><label class=\"wpforms-field-label-inline\" for=\"wpforms-4707-field_25_3\">Participer \u00e0 la commission p\u00e9dagogie du dehors<\/label><\/li><li class=\"choice-4 depth-1\"><input type=\"radio\" id=\"wpforms-4707-field_25_4\" name=\"wpforms[fields][25]\" value=\"\u00c0 l&#039;organisation et animation des \u00e9v\u00e8nements\"  ><label class=\"wpforms-field-label-inline\" for=\"wpforms-4707-field_25_4\">\u00c0 l'organisation et animation des \u00e9v\u00e8nements<\/label><\/li><li class=\"choice-5 depth-1\"><input type=\"radio\" id=\"wpforms-4707-field_25_5\" name=\"wpforms[fields][25]\" value=\"\u00c0 la vie politique de l&#039;association\"  ><label class=\"wpforms-field-label-inline\" for=\"wpforms-4707-field_25_5\">\u00c0 la vie politique de l'association<\/label><\/li><\/ul><\/div><div id=\"wpforms-4707-field_27-container\" class=\"wpforms-field wpforms-field-textarea\" data-field-id=\"27\"><label class=\"wpforms-field-label\" for=\"wpforms-4707-field_27\">Quelles sont mes motivations, mes envies, mes attentes au sein de L\u00e0-Haut ?<\/label><textarea id=\"wpforms-4707-field_27\" class=\"wpforms-field-medium\" name=\"wpforms[fields][27]\" ><\/textarea><\/div><div id=\"wpforms-4707-field_12-container\" class=\"wpforms-field wpforms-field-pagebreak\" data-field-id=\"12\"><div class=\"wpforms-clear wpforms-pagebreak-left\"><button class=\"wpforms-page-button wpforms-page-next\" data-action=\"next\" data-page=\"1\" data-formid=\"4707\" disabled>Suivant<\/button><\/div><\/div><\/div><div class=\"wpforms-page wpforms-page-2  \" style=\"display:none;\"><div id=\"wpforms-4707-field_16-container\" class=\"wpforms-field wpforms-field-radio\" data-field-id=\"16\"><label class=\"wpforms-field-label\" for=\"wpforms-4707-field_16\">Paiement<\/label><ul id=\"wpforms-4707-field_16\"><li class=\"choice-1 depth-1\"><input type=\"radio\" id=\"wpforms-4707-field_16_1\" name=\"wpforms[fields][16]\" value=\"CB via hello asso (lien en bas de page &quot;nous rejoindre&quot;)\"  ><label class=\"wpforms-field-label-inline\" for=\"wpforms-4707-field_16_1\">CB via hello asso (lien en bas de page \"nous rejoindre\")<\/label><\/li><li class=\"choice-2 depth-1\"><input type=\"radio\" id=\"wpforms-4707-field_16_2\" name=\"wpforms[fields][16]\" value=\"Virement IBAN : FR76 4255 9100 0008 0235 8173 617 \u2028BIC : CCOPFRPPXXX\"  ><label class=\"wpforms-field-label-inline\" for=\"wpforms-4707-field_16_2\">Virement IBAN : FR76 4255 9100 0008 0235 8173 617 \u2028BIC : CCOPFRPPXXX<\/label><\/li><li class=\"choice-3 depth-1\"><input type=\"radio\" id=\"wpforms-4707-field_16_3\" name=\"wpforms[fields][16]\" value=\"Ch\u00e8que \u00e0 l&#039;ordre de l&#039;association L\u00e0-Haut\"  ><label class=\"wpforms-field-label-inline\" for=\"wpforms-4707-field_16_3\">Ch\u00e8que \u00e0 l'ordre de l'association L\u00e0-Haut<\/label><\/li><\/ul><\/div><div id=\"wpforms-4707-field_22-container\" class=\"wpforms-field wpforms-field-pagebreak\" data-field-id=\"22\"><div class=\"wpforms-clear wpforms-pagebreak-left\"><button class=\"wpforms-page-button wpforms-page-prev\" data-action=\"prev\" data-page=\"2\" data-formid=\"4707\" disabled>Pr\u00e9c\u00e9dent<\/button><button class=\"wpforms-page-button wpforms-page-next\" data-action=\"next\" data-page=\"2\" data-formid=\"4707\" disabled>Suivant<\/button><\/div><\/div><\/div><div class=\"wpforms-page wpforms-page-3 last \" style=\"display:none;\"><div id=\"wpforms-4707-field_24-container\" class=\"wpforms-field wpforms-field-checkbox\" data-field-id=\"24\"><label class=\"wpforms-field-label\" for=\"wpforms-4707-field_24\">Je donne mon accord pour \u00eatre photographi\u00e9 ou film\u00e9 dans un but strictement li\u00e9 \u00e0 la communication des activit\u00e9s de l&#039;association<\/label><ul id=\"wpforms-4707-field_24\"><li class=\"choice-1 depth-1\"><input type=\"checkbox\" id=\"wpforms-4707-field_24_1\" name=\"wpforms[fields][24][]\" value=\"Oui\"  ><label class=\"wpforms-field-label-inline\" for=\"wpforms-4707-field_24_1\">Oui<\/label><\/li><li class=\"choice-2 depth-1\"><input type=\"checkbox\" id=\"wpforms-4707-field_24_2\" name=\"wpforms[fields][24][]\" value=\"Non\"  ><label class=\"wpforms-field-label-inline\" for=\"wpforms-4707-field_24_2\">Non<\/label><\/li><\/ul><\/div><div id=\"wpforms-4707-field_14-container\" class=\"wpforms-field wpforms-field-pagebreak\" data-field-id=\"14\"><div class=\"wpforms-clear wpforms-pagebreak-left\"><button class=\"wpforms-page-button wpforms-page-prev\" data-action=\"prev\" data-page=\"3\" data-formid=\"4707\" disabled>Pr\u00e9c\u00e9dent<\/button><\/div><\/div><\/div><\/div><div class=\"wpforms-field wpforms-field-hp\"><label for=\"wpforms-4707-field-hp\" class=\"wpforms-field-label\">Email<\/label><input type=\"text\" name=\"wpforms[hp]\" id=\"wpforms-4707-field-hp\" class=\"wpforms-field-medium\"><\/div><div class=\"wpforms-recaptcha-container wpforms-is-recaptcha\" style=\"display:none;\"><div class=\"g-recaptcha\" data-sitekey=\"6Lcpi-AUAAAAAJ1O1RaKwJN4IAyvZlaxm_lTOVXF\"><\/div><input type=\"text\" name=\"g-recaptcha-hidden\" class=\"wpforms-recaptcha-hidden\" style=\"position:absolute!important;clip:rect(0,0,0,0)!important;height:1px!important;width:1px!important;border:0!important;overflow:hidden!important;padding:0!important;margin:0!important;\" required><\/div><div class=\"wpforms-submit-container\" style=\"display:none;\"><input type=\"hidden\" name=\"wpforms[id]\" value=\"4707\"><input type=\"hidden\" name=\"wpforms[author]\" value=\"1\"><button type=\"submit\" name=\"wpforms[submit]\" class=\"wpforms-submit \" id=\"wpforms-submit-4707\" value=\"wpforms-submit\" aria-live=\"assertive\" data-alt-text=\"Envoi...\" data-submit-text=\"Finaliser l&#039;inscription\">Finaliser l&#039;inscription<\/button><img decoding=\"async\" src=\"https:\/\/lahaut.bzh\/wp-content\/plugins\/wpforms\/assets\/images\/submit-spin.svg\" class=\"wpforms-submit-spinner\" style=\"display: none;\" width=\"26\" height=\"26\" alt=\"\"><\/div><\/form><\/div>  <!-- .wpforms-container -->\n","protected":false},"excerpt":{"rendered":"","protected":false},"author":1,"featured_media":4703,"parent":0,"menu_order":0,"comment_status":"closed","ping_status":"closed","template":"","meta":{"footnotes":""},"yoast_head":"<!-- This site is optimized with the Yoast SEO plugin v17.2.1 - https:\/\/yoast.com\/wordpress\/plugins\/seo\/ -->\n<title>Formulaire d&#039;adh\u00e9sion L\u00e0-Haut - L\u00e0-Haut<\/title>\n<meta name=\"robots\" content=\"index, follow, max-snippet:-1, max-image-preview:large, max-video-preview:-1\" \/>\n<link rel=\"canonical\" href=\"https:\/\/lahaut.bzh\/index.php\/formulaire-dadhesion-la-haut\/\" \/>\n<meta property=\"og:locale\" content=\"fr_FR\" \/>\n<meta property=\"og:type\" content=\"article\" \/>\n<meta property=\"og:title\" content=\"Formulaire d&#039;adh\u00e9sion L\u00e0-Haut - L\u00e0-Haut\" \/>\n<meta property=\"og:url\" content=\"https:\/\/lahaut.bzh\/index.php\/formulaire-dadhesion-la-haut\/\" \/>\n<meta property=\"og:site_name\" content=\"L\u00e0-Haut\" \/>\n<meta property=\"article:publisher\" content=\"https:\/\/fb.me\/Lahautbzh\" \/>\n<meta property=\"article:modified_time\" content=\"2021-05-13T11:59:36+00:00\" \/>\n<meta property=\"og:image\" content=\"https:\/\/lahaut.bzh\/wp-content\/uploads\/2021\/05\/IMG_20210423_112905-1-scaled.jpg\" \/>\n\t<meta property=\"og:image:width\" content=\"1920\" \/>\n\t<meta property=\"og:image:height\" content=\"2560\" \/>\n<meta name=\"twitter:card\" content=\"summary_large_image\" \/>\n<script type=\"application\/ld+json\" class=\"yoast-schema-graph\">{\"@context\":\"https:\/\/schema.org\",\"@graph\":[{\"@type\":\"Organization\",\"@id\":\"https:\/\/lahaut.bzh\/#organization\",\"name\":\"Association L\\u00e0-haut\",\"url\":\"https:\/\/lahaut.bzh\/\",\"sameAs\":[\"https:\/\/fb.me\/Lahautbzh\",\"https:\/\/www.instagram.com\/lahautbzh\/\"],\"logo\":{\"@type\":\"ImageObject\",\"@id\":\"https:\/\/lahaut.bzh\/#logo\",\"inLanguage\":\"fr-FR\",\"url\":\"https:\/\/lahaut.bzh\/wp-content\/uploads\/2020\/03\/logo-noir-verticale-classic-web.jpg\",\"contentUrl\":\"https:\/\/lahaut.bzh\/wp-content\/uploads\/2020\/03\/logo-noir-verticale-classic-web.jpg\",\"width\":400,\"height\":343,\"caption\":\"Association L\\u00e0-haut\"},\"image\":{\"@id\":\"https:\/\/lahaut.bzh\/#logo\"}},{\"@type\":\"WebSite\",\"@id\":\"https:\/\/lahaut.bzh\/#website\",\"url\":\"https:\/\/lahaut.bzh\/\",\"name\":\"L\\u00e0-Haut\",\"description\":\"Association \\u00e9co-citoyenne perch\\u00e9e : Formations BAFA, S\\u00e9jours, Grimpe d&#039;arbres ...\",\"publisher\":{\"@id\":\"https:\/\/lahaut.bzh\/#organization\"},\"potentialAction\":[{\"@type\":\"SearchAction\",\"target\":{\"@type\":\"EntryPoint\",\"urlTemplate\":\"https:\/\/lahaut.bzh\/?s={search_term_string}\"},\"query-input\":\"required name=search_term_string\"}],\"inLanguage\":\"fr-FR\"},{\"@type\":\"ImageObject\",\"@id\":\"https:\/\/lahaut.bzh\/index.php\/formulaire-dadhesion-la-haut\/#primaryimage\",\"inLanguage\":\"fr-FR\",\"url\":\"https:\/\/lahaut.bzh\/wp-content\/uploads\/2021\/05\/IMG_20210423_112905-1-scaled.jpg\",\"contentUrl\":\"https:\/\/lahaut.bzh\/wp-content\/uploads\/2021\/05\/IMG_20210423_112905-1-scaled.jpg\",\"width\":1920,\"height\":2560},{\"@type\":\"WebPage\",\"@id\":\"https:\/\/lahaut.bzh\/index.php\/formulaire-dadhesion-la-haut\/#webpage\",\"url\":\"https:\/\/lahaut.bzh\/index.php\/formulaire-dadhesion-la-haut\/\",\"name\":\"Formulaire d'adh\\u00e9sion L\\u00e0-Haut - L\\u00e0-Haut\",\"isPartOf\":{\"@id\":\"https:\/\/lahaut.bzh\/#website\"},\"primaryImageOfPage\":{\"@id\":\"https:\/\/lahaut.bzh\/index.php\/formulaire-dadhesion-la-haut\/#primaryimage\"},\"datePublished\":\"2021-05-13T11:59:35+00:00\",\"dateModified\":\"2021-05-13T11:59:36+00:00\",\"breadcrumb\":{\"@id\":\"https:\/\/lahaut.bzh\/index.php\/formulaire-dadhesion-la-haut\/#breadcrumb\"},\"inLanguage\":\"fr-FR\",\"potentialAction\":[{\"@type\":\"ReadAction\",\"target\":[\"https:\/\/lahaut.bzh\/index.php\/formulaire-dadhesion-la-haut\/\"]}]},{\"@type\":\"BreadcrumbList\",\"@id\":\"https:\/\/lahaut.bzh\/index.php\/formulaire-dadhesion-la-haut\/#breadcrumb\",\"itemListElement\":[{\"@type\":\"ListItem\",\"position\":1,\"name\":\"Accueil\",\"item\":\"https:\/\/lahaut.bzh\/\"},{\"@type\":\"ListItem\",\"position\":2,\"name\":\"Formulaire d&rsquo;adh\\u00e9sion L\\u00e0-Haut\"}]}]}<\/script>\n<!-- \/ Yoast SEO plugin. -->","yoast_head_json":{"title":"Formulaire d'adh\u00e9sion L\u00e0-Haut - L\u00e0-Haut","robots":{"index":"index","follow":"follow","max-snippet":"max-snippet:-1","max-image-preview":"max-image-preview:large","max-video-preview":"max-video-preview:-1"},"canonical":"https:\/\/lahaut.bzh\/index.php\/formulaire-dadhesion-la-haut\/","og_locale":"fr_FR","og_type":"article","og_title":"Formulaire d'adh\u00e9sion L\u00e0-Haut - L\u00e0-Haut","og_url":"https:\/\/lahaut.bzh\/index.php\/formulaire-dadhesion-la-haut\/","og_site_name":"L\u00e0-Haut","article_publisher":"https:\/\/fb.me\/Lahautbzh","article_modified_time":"2021-05-13T11:59:36+00:00","og_image":[{"width":1920,"height":2560,"url":"https:\/\/lahaut.bzh\/wp-content\/uploads\/2021\/05\/IMG_20210423_112905-1-scaled.jpg","path":"\/home\/dnkoosj\/www\/wp-content\/uploads\/2021\/05\/IMG_20210423_112905-1-scaled.jpg","size":"full","id":4703,"alt":"","pixels":4915200,"type":"image\/jpeg"}],"twitter_card":"summary_large_image","schema":{"@context":"https:\/\/schema.org","@graph":[{"@type":"Organization","@id":"https:\/\/lahaut.bzh\/#organization","name":"Association L\u00e0-haut","url":"https:\/\/lahaut.bzh\/","sameAs":["https:\/\/fb.me\/Lahautbzh","https:\/\/www.instagram.com\/lahautbzh\/"],"logo":{"@type":"ImageObject","@id":"https:\/\/lahaut.bzh\/#logo","inLanguage":"fr-FR","url":"https:\/\/lahaut.bzh\/wp-content\/uploads\/2020\/03\/logo-noir-verticale-classic-web.jpg","contentUrl":"https:\/\/lahaut.bzh\/wp-content\/uploads\/2020\/03\/logo-noir-verticale-classic-web.jpg","width":400,"height":343,"caption":"Association L\u00e0-haut"},"image":{"@id":"https:\/\/lahaut.bzh\/#logo"}},{"@type":"WebSite","@id":"https:\/\/lahaut.bzh\/#website","url":"https:\/\/lahaut.bzh\/","name":"L\u00e0-Haut","description":"Association \u00e9co-citoyenne perch\u00e9e : Formations BAFA, S\u00e9jours, Grimpe d&#039;arbres ...","publisher":{"@id":"https:\/\/lahaut.bzh\/#organization"},"potentialAction":[{"@type":"SearchAction","target":{"@type":"EntryPoint","urlTemplate":"https:\/\/lahaut.bzh\/?s={search_term_string}"},"query-input":"required name=search_term_string"}],"inLanguage":"fr-FR"},{"@type":"ImageObject","@id":"https:\/\/lahaut.bzh\/index.php\/formulaire-dadhesion-la-haut\/#primaryimage","inLanguage":"fr-FR","url":"https:\/\/lahaut.bzh\/wp-content\/uploads\/2021\/05\/IMG_20210423_112905-1-scaled.jpg","contentUrl":"https:\/\/lahaut.bzh\/wp-content\/uploads\/2021\/05\/IMG_20210423_112905-1-scaled.jpg","width":1920,"height":2560},{"@type":"WebPage","@id":"https:\/\/lahaut.bzh\/index.php\/formulaire-dadhesion-la-haut\/#webpage","url":"https:\/\/lahaut.bzh\/index.php\/formulaire-dadhesion-la-haut\/","name":"Formulaire d'adh\u00e9sion L\u00e0-Haut - L\u00e0-Haut","isPartOf":{"@id":"https:\/\/lahaut.bzh\/#website"},"primaryImageOfPage":{"@id":"https:\/\/lahaut.bzh\/index.php\/formulaire-dadhesion-la-haut\/#primaryimage"},"datePublished":"2021-05-13T11:59:35+00:00","dateModified":"2021-05-13T11:59:36+00:00","breadcrumb":{"@id":"https:\/\/lahaut.bzh\/index.php\/formulaire-dadhesion-la-haut\/#breadcrumb"},"inLanguage":"fr-FR","potentialAction":[{"@type":"ReadAction","target":["https:\/\/lahaut.bzh\/index.php\/formulaire-dadhesion-la-haut\/"]}]},{"@type":"BreadcrumbList","@id":"https:\/\/lahaut.bzh\/index.php\/formulaire-dadhesion-la-haut\/#breadcrumb","itemListElement":[{"@type":"ListItem","position":1,"name":"Accueil","item":"https:\/\/lahaut.bzh\/"},{"@type":"ListItem","position":2,"name":"Formulaire d&rsquo;adh\u00e9sion L\u00e0-Haut"}]}]}},"_links":{"self":[{"href":"https:\/\/lahaut.bzh\/index.php\/wp-json\/wp\/v2\/pages\/4710"}],"collection":[{"href":"https:\/\/lahaut.bzh\/index.php\/wp-json\/wp\/v2\/pages"}],"about":[{"href":"https:\/\/lahaut.bzh\/index.php\/wp-json\/wp\/v2\/types\/page"}],"author":[{"embeddable":true,"href":"https:\/\/lahaut.bzh\/index.php\/wp-json\/wp\/v2\/users\/1"}],"replies":[{"embeddable":true,"href":"https:\/\/lahaut.bzh\/index.php\/wp-json\/wp\/v2\/comments?post=4710"}],"version-history":[{"count":1,"href":"https:\/\/lahaut.bzh\/index.php\/wp-json\/wp\/v2\/pages\/4710\/revisions"}],"predecessor-version":[{"id":4712,"href":"https:\/\/lahaut.bzh\/index.php\/wp-json\/wp\/v2\/pages\/4710\/revisions\/4712"}],"wp:featuredmedia":[{"embeddable":true,"href":"https:\/\/lahaut.bzh\/index.php\/wp-json\/wp\/v2\/media\/4703"}],"wp:attachment":[{"href":"https:\/\/lahaut.bzh\/index.php\/wp-json\/wp\/v2\/media?parent=4710"}],"curies":[{"name":"wp","href":"https:\/\/api.w.org\/{rel}","templated":true}]}}