{"id":3509,"date":"2020-03-06T17:47:37","date_gmt":"2020-03-06T16:47:37","guid":{"rendered":"http:\/\/lahaut.bzh\/?page_id=3509"},"modified":"2023-08-02T15:29:13","modified_gmt":"2023-08-02T13:29:13","slug":"projets-danimation","status":"publish","type":"page","link":"https:\/\/lahaut.bzh\/index.php\/projets-danimation\/","title":{"rendered":"Projets d&rsquo;animation"},"content":{"rendered":"\t\t<div data-elementor-type=\"wp-page\" data-elementor-id=\"3509\" class=\"elementor elementor-3509\" data-elementor-settings=\"{&quot;premium_particles_zindex&quot;:0,&quot;premium_particles_responsive&quot;:[&quot;desktop&quot;,&quot;tablet&quot;,&quot;mobile&quot;]}\">\n\t\t\t\t\t\t<section class=\"elementor-section elementor-top-section elementor-element elementor-element-e638df6 elementor-section-boxed elementor-section-height-default elementor-section-height-default\" data-id=\"e638df6\" data-element_type=\"section\" data-settings=\"{&quot;premium_particles_zindex&quot;:0,&quot;premium_particles_responsive&quot;:[&quot;desktop&quot;,&quot;tablet&quot;,&quot;mobile&quot;]}\">\n\t\t\t\t\t\t<div class=\"elementor-container elementor-column-gap-default\">\n\t\t\t\t\t<div class=\"elementor-column elementor-col-100 elementor-top-column elementor-element elementor-element-48d7e55\" data-id=\"48d7e55\" data-element_type=\"column\" data-settings=\"{&quot;premium_particles_zindex&quot;:0,&quot;premium_particles_responsive&quot;:[&quot;desktop&quot;,&quot;tablet&quot;,&quot;mobile&quot;]}\">\n\t\t\t<div class=\"elementor-widget-wrap elementor-element-populated\">\n\t\t\t\t\t\t<div class=\"elementor-element elementor-element-a9637bf elementor-widget elementor-widget-text-editor\" data-id=\"a9637bf\" data-element_type=\"widget\" data-widget_type=\"text-editor.default\">\n\t\t\t\t<div class=\"elementor-widget-container\">\n\t\t\t\t\t\t\t<p>L\u00e0-Haut propose de mettre en place de v\u00e9ritables <strong>Aventures p\u00e9dagogiques<\/strong> de transformation sociale. <br \/>Nous souhaitons \u00e9voluer avec le groupe \u00e0 travers des s\u00e9quences o\u00f9 le participant est au coeur du projet.<\/p>\t\t\t\t\t\t<\/div>\n\t\t\t\t<\/div>\n\t\t\t\t\t<\/div>\n\t\t<\/div>\n\t\t\t\t\t<\/div>\n\t\t<\/section>\n\t\t\t\t<section class=\"elementor-section elementor-top-section elementor-element elementor-element-e0c9272 elementor-section-boxed elementor-section-height-default elementor-section-height-default\" data-id=\"e0c9272\" data-element_type=\"section\" data-settings=\"{&quot;background_background&quot;:&quot;classic&quot;,&quot;premium_particles_zindex&quot;:0,&quot;premium_particles_responsive&quot;:[&quot;desktop&quot;,&quot;tablet&quot;,&quot;mobile&quot;]}\">\n\t\t\t\t\t\t<div class=\"elementor-container elementor-column-gap-default\">\n\t\t\t\t\t<div class=\"elementor-column elementor-col-100 elementor-top-column elementor-element elementor-element-1ecd11c\" data-id=\"1ecd11c\" data-element_type=\"column\" data-settings=\"{&quot;premium_particles_zindex&quot;:0,&quot;premium_particles_responsive&quot;:[&quot;desktop&quot;,&quot;tablet&quot;,&quot;mobile&quot;]}\">\n\t\t\t<div class=\"elementor-widget-wrap elementor-element-populated\">\n\t\t\t\t\t\t<div class=\"elementor-element elementor-element-1a2d327 elementor-widget elementor-widget-heading\" data-id=\"1a2d327\" data-element_type=\"widget\" data-widget_type=\"heading.default\">\n\t\t\t\t<div class=\"elementor-widget-container\">\n\t\t\t<h2 class=\"elementor-heading-title elementor-size-default\">Sensibiliser - Comprendre - Agir<\/h2>\t\t<\/div>\n\t\t\t\t<\/div>\n\t\t\t\t<div class=\"elementor-element elementor-element-ed5f622 elementor-widget elementor-widget-text-editor\" data-id=\"ed5f622\" data-element_type=\"widget\" data-widget_type=\"text-editor.default\">\n\t\t\t\t<div class=\"elementor-widget-container\">\n\t\t\t\t\t\t\t<p><strong>&#8211;<\/strong> Des premi\u00e8res s\u00e9quences tourn\u00e9es sur la <strong>confiance<\/strong> en soi, la cr\u00e9ation du <strong>groupe<\/strong> \u00e0 travers des <strong>jeux<\/strong> de coop\u00e9ration, de l&rsquo;expression corporelle au sol, puis en arbosanteur&#8230;<br \/><strong>&#8211;<\/strong> Des s\u00e9quences pour mobiliser le groupe autour d&rsquo;un <strong>th\u00e8me f\u00e9d\u00e9rateur et engag\u00e9<\/strong> comme la biodiversit\u00e9, les in\u00e9galit\u00e9s, les droits humains, le changement climatique, les discriminations&#8230;<br \/><strong>&#8211;<\/strong> Et si on imaginait <strong>une action collective<\/strong> ?\u00a0Produire une action qui a du sens \u00e0 travers la p\u00e9dagogie du projet.<br \/>La production sera visible et s&rsquo;adressera \u00e0 un public cibl\u00e9 sur un territoire choisi. <br \/>Elle se situe au pied, dans et \u00e0 la cime de l&rsquo;arbre. Elle peut prendre diff\u00e9rentes formes : <strong>sc\u00e9nographie, spectacle, exposition, performance&#8230;<\/strong><br \/><strong>&#8211;<\/strong> Finaliser le processus par <strong>reconstituer le chemin parcouru<\/strong> depuis le d\u00e9but du projet et en distinguer les \u00e9tapes, les r\u00e9ussites, les apprentissages&#8230;<\/p>\t\t\t\t\t\t<\/div>\n\t\t\t\t<\/div>\n\t\t\t\t\t<\/div>\n\t\t<\/div>\n\t\t\t\t\t<\/div>\n\t\t<\/section>\n\t\t\t\t<section class=\"elementor-section elementor-top-section elementor-element elementor-element-1227634 elementor-section-boxed elementor-section-height-default elementor-section-height-default\" data-id=\"1227634\" data-element_type=\"section\" data-settings=\"{&quot;premium_particles_zindex&quot;:0,&quot;premium_particles_responsive&quot;:[&quot;desktop&quot;,&quot;tablet&quot;,&quot;mobile&quot;]}\">\n\t\t\t\t\t\t<div class=\"elementor-container elementor-column-gap-default\">\n\t\t\t\t\t<div class=\"elementor-column elementor-col-50 elementor-top-column elementor-element elementor-element-52c2357\" data-id=\"52c2357\" data-element_type=\"column\" data-settings=\"{&quot;premium_particles_zindex&quot;:0,&quot;premium_particles_responsive&quot;:[&quot;desktop&quot;,&quot;tablet&quot;,&quot;mobile&quot;]}\">\n\t\t\t<div class=\"elementor-widget-wrap elementor-element-populated\">\n\t\t\t\t\t\t<div class=\"elementor-element elementor-element-b81177f elementor-widget elementor-widget-heading\" data-id=\"b81177f\" data-element_type=\"widget\" data-widget_type=\"heading.default\">\n\t\t\t\t<div class=\"elementor-widget-container\">\n\t\t\t<h2 class=\"elementor-heading-title elementor-size-default\">Prendre de la hauteur avec La Haut <\/h2>\t\t<\/div>\n\t\t\t\t<\/div>\n\t\t\t\t<div class=\"elementor-element elementor-element-ec5c240 elementor-widget elementor-widget-text-editor\" data-id=\"ec5c240\" data-element_type=\"widget\" data-widget_type=\"text-editor.default\">\n\t\t\t\t<div class=\"elementor-widget-container\">\n\t\t\t\t\t\t\t<p>L\u00e0-Haut dispose de plates-formes pour <strong>se poser \u00e0 la cime des arbres et contempler, dessiner, r\u00e9fl\u00e9chir, discuter<\/strong> et consid\u00e9rer les arbres de mani\u00e8re sensible.<\/p><p>Grimper dans un arbre, c&rsquo;est le reconnaitre, comprendre comment il vit, prendre en compte sa place dans la biodiversit\u00e9&#8230;<\/p><p>La-Haut imagine des projets de plusieurs jours autour d&rsquo;un quartier, d&rsquo;une zone p\u00e9riurbaine ou d&rsquo;une zone rurale pour favoriser la participation citoyenne sur ces questions d&rsquo;am\u00e9nagement et de d\u00e9veloppement des territoires.<\/p>\t\t\t\t\t\t<\/div>\n\t\t\t\t<\/div>\n\t\t\t\t\t<\/div>\n\t\t<\/div>\n\t\t\t\t<div class=\"elementor-column elementor-col-50 elementor-top-column elementor-element elementor-element-a81bbf7\" data-id=\"a81bbf7\" data-element_type=\"column\" data-settings=\"{&quot;premium_particles_zindex&quot;:0,&quot;premium_particles_responsive&quot;:[&quot;desktop&quot;,&quot;tablet&quot;,&quot;mobile&quot;]}\">\n\t\t\t<div class=\"elementor-widget-wrap elementor-element-populated\">\n\t\t\t\t\t\t<div class=\"elementor-element elementor-element-fe05575 elementor-widget elementor-widget-text-editor\" data-id=\"fe05575\" data-element_type=\"widget\" data-widget_type=\"text-editor.default\">\n\t\t\t\t<div class=\"elementor-widget-container\">\n\t\t\t\t\t\t\t<p>Ces projets s&rsquo;adressent \u00e0 :\u00a0<br \/>&#8211; des collectivit\u00e9s : conseil d\u00e9partemental (agences&#8230;), mairie, EPCI&#8230;<br \/>&#8211; des am\u00e9nageurs\u00a0<br \/>&#8211; des \u00e9tablissements scolaires<br \/>&#8211; des associations\u00a0<br \/>&#8211; des collectifs d&rsquo;habitants<br \/>&#8211; &#8230;<\/p>\t\t\t\t\t\t<\/div>\n\t\t\t\t<\/div>\n\t\t\t\t\t<\/div>\n\t\t<\/div>\n\t\t\t\t\t<\/div>\n\t\t<\/section>\n\t\t\t\t<section class=\"elementor-section elementor-top-section elementor-element elementor-element-33a46b3 elementor-section-full_width elementor-section-height-min-height elementor-section-items-stretch elementor-section-height-default\" data-id=\"33a46b3\" data-element_type=\"section\" data-settings=\"{&quot;background_background&quot;:&quot;classic&quot;,&quot;premium_particles_zindex&quot;:0,&quot;premium_particles_responsive&quot;:[&quot;desktop&quot;,&quot;tablet&quot;,&quot;mobile&quot;]}\">\n\t\t\t\t\t\t<div class=\"elementor-container elementor-column-gap-default\">\n\t\t\t\t\t<div class=\"elementor-column elementor-col-100 elementor-top-column elementor-element elementor-element-e2214b0\" data-id=\"e2214b0\" data-element_type=\"column\" data-settings=\"{&quot;background_background&quot;:&quot;classic&quot;,&quot;premium_particles_zindex&quot;:0,&quot;premium_particles_responsive&quot;:[&quot;desktop&quot;,&quot;tablet&quot;,&quot;mobile&quot;]}\">\n\t\t\t<div class=\"elementor-widget-wrap\">\n\t\t\t\t\t\t\t<\/div>\n\t\t<\/div>\n\t\t\t\t\t<\/div>\n\t\t<\/section>\n\t\t\t\t<section class=\"elementor-section elementor-top-section elementor-element elementor-element-d7ba670 elementor-section-boxed elementor-section-height-default elementor-section-height-default\" data-id=\"d7ba670\" data-element_type=\"section\" data-settings=\"{&quot;premium_particles_zindex&quot;:0,&quot;premium_particles_responsive&quot;:[&quot;desktop&quot;,&quot;tablet&quot;,&quot;mobile&quot;]}\">\n\t\t\t\t\t\t<div class=\"elementor-container elementor-column-gap-default\">\n\t\t\t\t\t<div class=\"elementor-column elementor-col-100 elementor-top-column elementor-element elementor-element-53e028a\" data-id=\"53e028a\" data-element_type=\"column\" data-settings=\"{&quot;premium_particles_zindex&quot;:0,&quot;premium_particles_responsive&quot;:[&quot;desktop&quot;,&quot;tablet&quot;,&quot;mobile&quot;]}\">\n\t\t\t<div class=\"elementor-widget-wrap elementor-element-populated\">\n\t\t\t\t\t\t<div class=\"elementor-element elementor-element-6701941 elementor-widget elementor-widget-spacer\" data-id=\"6701941\" data-element_type=\"widget\" data-widget_type=\"spacer.default\">\n\t\t\t\t<div class=\"elementor-widget-container\">\n\t\t\t\t\t<div class=\"elementor-spacer\">\n\t\t\t<div class=\"elementor-spacer-inner\"><\/div>\n\t\t<\/div>\n\t\t\t\t<\/div>\n\t\t\t\t<\/div>\n\t\t\t\t<div class=\"elementor-element elementor-element-d4202b2 elementor-widget elementor-widget-text-editor\" data-id=\"d4202b2\" data-element_type=\"widget\" data-widget_type=\"text-editor.default\">\n\t\t\t\t<div class=\"elementor-widget-container\">\n\t\t\t\t\t\t\t<p><strong>La grimpe d&rsquo;arbre<\/strong> et <strong>la cr\u00e9ation artistique<\/strong> sont les principaux vecteurs p\u00e9dagogiques de L\u00e0-Haut. <br \/>Leur potentiel p\u00e9dagogique est \u00e9norme : individuel, collectif, environnemental&#8230; <br \/>L&rsquo;arbosanteur nous offre sa palette p\u00e9dagogique autour de l&rsquo;expression corporelle, du d\u00e9fi sportif, de la prise de recul&#8230; Au del\u00e0 de la grimpe, <strong>L\u00e0-Haut dispose d&rsquo;une boite \u00e0 outils p\u00e9dagogiques diversifi\u00e9e qui rythme l&rsquo;action et rend acteur<\/strong> : pratiques de coop\u00e9ration, jeux de simulation, th\u00e9\u00e2tre-forum&#8230;<\/p>\t\t\t\t\t\t<\/div>\n\t\t\t\t<\/div>\n\t\t\t\t\t<\/div>\n\t\t<\/div>\n\t\t\t\t\t<\/div>\n\t\t<\/section>\n\t\t\t\t<section class=\"elementor-section elementor-top-section elementor-element elementor-element-16f55b0 elementor-section-boxed elementor-section-height-default elementor-section-height-default\" data-id=\"16f55b0\" data-element_type=\"section\" data-settings=\"{&quot;premium_particles_zindex&quot;:0,&quot;premium_particles_responsive&quot;:[&quot;desktop&quot;,&quot;tablet&quot;,&quot;mobile&quot;]}\">\n\t\t\t\t\t\t<div class=\"elementor-container elementor-column-gap-default\">\n\t\t\t\t\t<div class=\"elementor-column elementor-col-50 elementor-top-column elementor-element elementor-element-51b49b0\" data-id=\"51b49b0\" data-element_type=\"column\" data-settings=\"{&quot;premium_particles_zindex&quot;:0,&quot;premium_particles_responsive&quot;:[&quot;desktop&quot;,&quot;tablet&quot;,&quot;mobile&quot;]}\">\n\t\t\t<div class=\"elementor-widget-wrap elementor-element-populated\">\n\t\t\t\t\t\t<div class=\"elementor-element elementor-element-e265247 elementor-widget elementor-widget-image\" data-id=\"e265247\" data-element_type=\"widget\" data-widget_type=\"image.default\">\n\t\t\t\t<div class=\"elementor-widget-container\">\n\t\t\t\t\t\t\t\t\t\t\t\t\t<img fetchpriority=\"high\" decoding=\"async\" width=\"480\" height=\"640\" src=\"https:\/\/lahaut.bzh\/wp-content\/uploads\/2020\/03\/image0000001-5.jpg\" class=\"attachment-large size-large wp-image-4067\" alt=\"\" srcset=\"https:\/\/lahaut.bzh\/wp-content\/uploads\/2020\/03\/image0000001-5.jpg 480w, https:\/\/lahaut.bzh\/wp-content\/uploads\/2020\/03\/image0000001-5-225x300.jpg 225w, https:\/\/lahaut.bzh\/wp-content\/uploads\/2020\/03\/image0000001-5-150x200.jpg 150w, https:\/\/lahaut.bzh\/wp-content\/uploads\/2020\/03\/image0000001-5-322x429.jpg 322w, https:\/\/lahaut.bzh\/wp-content\/uploads\/2020\/03\/image0000001-5-420x560.jpg 420w, https:\/\/lahaut.bzh\/wp-content\/uploads\/2020\/03\/image0000001-5-444x592.jpg 444w\" sizes=\"(max-width: 480px) 100vw, 480px\" \/>\t\t\t\t\t\t\t\t\t\t\t\t\t<\/div>\n\t\t\t\t<\/div>\n\t\t\t\t\t<\/div>\n\t\t<\/div>\n\t\t\t\t<div class=\"elementor-column elementor-col-50 elementor-top-column elementor-element elementor-element-b5e6439\" data-id=\"b5e6439\" data-element_type=\"column\" data-settings=\"{&quot;premium_particles_zindex&quot;:0,&quot;premium_particles_responsive&quot;:[&quot;desktop&quot;,&quot;tablet&quot;,&quot;mobile&quot;]}\">\n\t\t\t<div class=\"elementor-widget-wrap elementor-element-populated\">\n\t\t\t\t\t\t<div class=\"elementor-element elementor-element-de29810 elementor-widget elementor-widget-heading\" data-id=\"de29810\" data-element_type=\"widget\" data-widget_type=\"heading.default\">\n\t\t\t\t<div class=\"elementor-widget-container\">\n\t\t\t<h2 class=\"elementor-heading-title elementor-size-default\">Des actions imagin\u00e9es ensemble \u00e0 partir des objectifs du partenaire<\/h2>\t\t<\/div>\n\t\t\t\t<\/div>\n\t\t\t\t<div class=\"elementor-element elementor-element-0515e02 elementor-widget elementor-widget-text-editor\" data-id=\"0515e02\" data-element_type=\"widget\" data-widget_type=\"text-editor.default\">\n\t\t\t\t<div class=\"elementor-widget-container\">\n\t\t\t\t\t\t\t<p>Ces projets s&rsquo;adressent \u00e0 \u00a0:\u00a0<br \/>&#8211; Des organismes de formation : parcours d&rsquo;insertion, formations qualifiantes&#8230;<br \/>&#8211; Des \u00e9tablissements scolaires du CE2 \u00e0 l&rsquo;universit\u00e9<br \/>&#8211; Des organismes socio-\u00e9ducatifs<br \/>&#8211; Des \u00e9tablissements m\u00e9dico-sociaux : IME, ITEP, EPHAD&#8230;<br \/>&#8211; &#8230;<\/p>\t\t\t\t\t\t<\/div>\n\t\t\t\t<\/div>\n\t\t\t\t\t<\/div>\n\t\t<\/div>\n\t\t\t\t\t<\/div>\n\t\t<\/section>\n\t\t\t\t<section class=\"elementor-section elementor-top-section elementor-element elementor-element-65ff4a9 elementor-section-content-middle elementor-section-boxed elementor-section-height-default elementor-section-height-default\" data-id=\"65ff4a9\" data-element_type=\"section\" data-settings=\"{&quot;background_background&quot;:&quot;classic&quot;,&quot;premium_particles_zindex&quot;:0,&quot;premium_particles_responsive&quot;:[&quot;desktop&quot;,&quot;tablet&quot;,&quot;mobile&quot;]}\">\n\t\t\t\t\t\t<div class=\"elementor-container elementor-column-gap-default\">\n\t\t\t\t\t<div class=\"elementor-column elementor-col-100 elementor-top-column elementor-element elementor-element-311097d\" data-id=\"311097d\" data-element_type=\"column\" data-settings=\"{&quot;premium_particles_zindex&quot;:0,&quot;premium_particles_responsive&quot;:[&quot;desktop&quot;,&quot;tablet&quot;,&quot;mobile&quot;]}\">\n\t\t\t<div class=\"elementor-widget-wrap elementor-element-populated\">\n\t\t\t\t\t\t<div class=\"elementor-element elementor-element-1bd8046 e-grid-align-tablet-center e-grid-align-mobile-center elementor-shape-rounded elementor-grid-0 e-grid-align-center elementor-widget elementor-widget-social-icons\" data-id=\"1bd8046\" data-element_type=\"widget\" data-widget_type=\"social-icons.default\">\n\t\t\t\t<div class=\"elementor-widget-container\">\n\t\t\t\t\t<div class=\"elementor-social-icons-wrapper elementor-grid\">\n\t\t\t\t\t\t\t<span class=\"elementor-grid-item\">\n\t\t\t\t\t<a class=\"elementor-icon elementor-social-icon elementor-social-icon-facebook-f elementor-repeater-item-hm3y18b\" href=\"https:\/\/www.facebook.com\/Lahautbzh\" target=\"_blank\">\n\t\t\t\t\t\t<span class=\"elementor-screen-only\">Facebook-f<\/span>\n\t\t\t\t\t\t<i class=\"fab fa-facebook-f\"><\/i>\t\t\t\t\t<\/a>\n\t\t\t\t<\/span>\n\t\t\t\t\t\t\t<span class=\"elementor-grid-item\">\n\t\t\t\t\t<a class=\"elementor-icon elementor-social-icon elementor-social-icon-instagram elementor-repeater-item-jng31iy\" href=\"https:\/\/www.instagram.com\/lahautbzh\/?hl=fr\" target=\"_blank\">\n\t\t\t\t\t\t<span class=\"elementor-screen-only\">Instagram<\/span>\n\t\t\t\t\t\t<i class=\"fab fa-instagram\"><\/i>\t\t\t\t\t<\/a>\n\t\t\t\t<\/span>\n\t\t\t\t\t<\/div>\n\t\t\t\t<\/div>\n\t\t\t\t<\/div>\n\t\t\t\t\t<\/div>\n\t\t<\/div>\n\t\t\t\t\t<\/div>\n\t\t<\/section>\n\t\t\t\t<\/div>\n\t\t","protected":false},"excerpt":{"rendered":"<p>L\u00e0-Haut propose de mettre en place de v\u00e9ritables Aventures p\u00e9dagogiques de transformation sociale. Nous souhaitons \u00e9voluer avec le groupe \u00e0 travers des s\u00e9quences o\u00f9 le participant est au coeur du &hellip; <a href=\"https:\/\/lahaut.bzh\/index.php\/projets-danimation\/\" class=\"more-link\">Continue reading <span class=\"screen-reader-text\">Projets d&rsquo;animation<\/span><\/a><\/p>\n","protected":false},"author":1,"featured_media":3794,"parent":0,"menu_order":0,"comment_status":"closed","ping_status":"closed","template":"","meta":{"footnotes":""},"yoast_head":"<!-- This site is optimized with the Yoast SEO plugin v17.2.1 - https:\/\/yoast.com\/wordpress\/plugins\/seo\/ -->\n<title>Projets d&#039;animation - L\u00e0-Haut<\/title>\n<meta name=\"robots\" content=\"index, follow, max-snippet:-1, max-image-preview:large, max-video-preview:-1\" \/>\n<link rel=\"canonical\" href=\"https:\/\/lahaut.bzh\/index.php\/projets-danimation\/\" \/>\n<meta property=\"og:locale\" content=\"fr_FR\" \/>\n<meta property=\"og:type\" content=\"article\" \/>\n<meta property=\"og:title\" content=\"Projets d&#039;animation - L\u00e0-Haut\" \/>\n<meta property=\"og:description\" content=\"L\u00e0-Haut propose de mettre en place de v\u00e9ritables Aventures p\u00e9dagogiques de transformation sociale. Nous souhaitons \u00e9voluer avec le groupe \u00e0 travers des s\u00e9quences o\u00f9 le participant est au coeur du &hellip; Continue reading Projets d&rsquo;animation\" \/>\n<meta property=\"og:url\" content=\"https:\/\/lahaut.bzh\/index.php\/projets-danimation\/\" \/>\n<meta property=\"og:site_name\" content=\"L\u00e0-Haut\" \/>\n<meta property=\"article:publisher\" content=\"https:\/\/fb.me\/Lahautbzh\" \/>\n<meta property=\"article:modified_time\" content=\"2023-08-02T13:29:13+00:00\" \/>\n<meta property=\"og:image\" content=\"https:\/\/lahaut.bzh\/wp-content\/uploads\/2020\/03\/image.jpg\" \/>\n\t<meta property=\"og:image:width\" content=\"1600\" \/>\n\t<meta property=\"og:image:height\" content=\"203\" \/>\n<meta name=\"twitter:card\" content=\"summary_large_image\" \/>\n<meta name=\"twitter:label1\" content=\"Dur\u00e9e de lecture estim\u00e9e\" \/>\n\t<meta name=\"twitter:data1\" content=\"2 minutes\" \/>\n<script type=\"application\/ld+json\" class=\"yoast-schema-graph\">{\"@context\":\"https:\/\/schema.org\",\"@graph\":[{\"@type\":\"Organization\",\"@id\":\"https:\/\/lahaut.bzh\/#organization\",\"name\":\"Association L\\u00e0-haut\",\"url\":\"https:\/\/lahaut.bzh\/\",\"sameAs\":[\"https:\/\/fb.me\/Lahautbzh\",\"https:\/\/www.instagram.com\/lahautbzh\/\"],\"logo\":{\"@type\":\"ImageObject\",\"@id\":\"https:\/\/lahaut.bzh\/#logo\",\"inLanguage\":\"fr-FR\",\"url\":\"https:\/\/lahaut.bzh\/wp-content\/uploads\/2020\/03\/logo-noir-verticale-classic-web.jpg\",\"contentUrl\":\"https:\/\/lahaut.bzh\/wp-content\/uploads\/2020\/03\/logo-noir-verticale-classic-web.jpg\",\"width\":400,\"height\":343,\"caption\":\"Association L\\u00e0-haut\"},\"image\":{\"@id\":\"https:\/\/lahaut.bzh\/#logo\"}},{\"@type\":\"WebSite\",\"@id\":\"https:\/\/lahaut.bzh\/#website\",\"url\":\"https:\/\/lahaut.bzh\/\",\"name\":\"L\\u00e0-Haut\",\"description\":\"Association \\u00e9co-citoyenne perch\\u00e9e : Formations BAFA, S\\u00e9jours, Grimpe d&#039;arbres ...\",\"publisher\":{\"@id\":\"https:\/\/lahaut.bzh\/#organization\"},\"potentialAction\":[{\"@type\":\"SearchAction\",\"target\":{\"@type\":\"EntryPoint\",\"urlTemplate\":\"https:\/\/lahaut.bzh\/?s={search_term_string}\"},\"query-input\":\"required name=search_term_string\"}],\"inLanguage\":\"fr-FR\"},{\"@type\":\"ImageObject\",\"@id\":\"https:\/\/lahaut.bzh\/index.php\/projets-danimation\/#primaryimage\",\"inLanguage\":\"fr-FR\",\"url\":\"https:\/\/lahaut.bzh\/wp-content\/uploads\/2020\/03\/image.jpg\",\"contentUrl\":\"https:\/\/lahaut.bzh\/wp-content\/uploads\/2020\/03\/image.jpg\",\"width\":1600,\"height\":203},{\"@type\":\"WebPage\",\"@id\":\"https:\/\/lahaut.bzh\/index.php\/projets-danimation\/#webpage\",\"url\":\"https:\/\/lahaut.bzh\/index.php\/projets-danimation\/\",\"name\":\"Projets d'animation - L\\u00e0-Haut\",\"isPartOf\":{\"@id\":\"https:\/\/lahaut.bzh\/#website\"},\"primaryImageOfPage\":{\"@id\":\"https:\/\/lahaut.bzh\/index.php\/projets-danimation\/#primaryimage\"},\"datePublished\":\"2020-03-06T16:47:37+00:00\",\"dateModified\":\"2023-08-02T13:29:13+00:00\",\"breadcrumb\":{\"@id\":\"https:\/\/lahaut.bzh\/index.php\/projets-danimation\/#breadcrumb\"},\"inLanguage\":\"fr-FR\",\"potentialAction\":[{\"@type\":\"ReadAction\",\"target\":[\"https:\/\/lahaut.bzh\/index.php\/projets-danimation\/\"]}]},{\"@type\":\"BreadcrumbList\",\"@id\":\"https:\/\/lahaut.bzh\/index.php\/projets-danimation\/#breadcrumb\",\"itemListElement\":[{\"@type\":\"ListItem\",\"position\":1,\"name\":\"Accueil\",\"item\":\"https:\/\/lahaut.bzh\/\"},{\"@type\":\"ListItem\",\"position\":2,\"name\":\"Projets d&rsquo;animation\"}]}]}<\/script>\n<!-- \/ Yoast SEO plugin. -->","yoast_head_json":{"title":"Projets d'animation - L\u00e0-Haut","robots":{"index":"index","follow":"follow","max-snippet":"max-snippet:-1","max-image-preview":"max-image-preview:large","max-video-preview":"max-video-preview:-1"},"canonical":"https:\/\/lahaut.bzh\/index.php\/projets-danimation\/","og_locale":"fr_FR","og_type":"article","og_title":"Projets d'animation - L\u00e0-Haut","og_description":"L\u00e0-Haut propose de mettre en place de v\u00e9ritables Aventures p\u00e9dagogiques de transformation sociale. Nous souhaitons \u00e9voluer avec le groupe \u00e0 travers des s\u00e9quences o\u00f9 le participant est au coeur du &hellip; Continue reading Projets d&rsquo;animation","og_url":"https:\/\/lahaut.bzh\/index.php\/projets-danimation\/","og_site_name":"L\u00e0-Haut","article_publisher":"https:\/\/fb.me\/Lahautbzh","article_modified_time":"2023-08-02T13:29:13+00:00","og_image":[{"width":1600,"height":203,"url":"https:\/\/lahaut.bzh\/wp-content\/uploads\/2020\/03\/image.jpg","path":"\/home\/dnkoosj\/www\/wp-content\/uploads\/2020\/03\/image.jpg","size":"full","id":3794,"alt":"","pixels":324800,"type":"image\/jpeg"}],"twitter_card":"summary_large_image","twitter_misc":{"Dur\u00e9e de lecture estim\u00e9e":"2 minutes"},"schema":{"@context":"https:\/\/schema.org","@graph":[{"@type":"Organization","@id":"https:\/\/lahaut.bzh\/#organization","name":"Association L\u00e0-haut","url":"https:\/\/lahaut.bzh\/","sameAs":["https:\/\/fb.me\/Lahautbzh","https:\/\/www.instagram.com\/lahautbzh\/"],"logo":{"@type":"ImageObject","@id":"https:\/\/lahaut.bzh\/#logo","inLanguage":"fr-FR","url":"https:\/\/lahaut.bzh\/wp-content\/uploads\/2020\/03\/logo-noir-verticale-classic-web.jpg","contentUrl":"https:\/\/lahaut.bzh\/wp-content\/uploads\/2020\/03\/logo-noir-verticale-classic-web.jpg","width":400,"height":343,"caption":"Association L\u00e0-haut"},"image":{"@id":"https:\/\/lahaut.bzh\/#logo"}},{"@type":"WebSite","@id":"https:\/\/lahaut.bzh\/#website","url":"https:\/\/lahaut.bzh\/","name":"L\u00e0-Haut","description":"Association \u00e9co-citoyenne perch\u00e9e : Formations BAFA, S\u00e9jours, Grimpe d&#039;arbres ...","publisher":{"@id":"https:\/\/lahaut.bzh\/#organization"},"potentialAction":[{"@type":"SearchAction","target":{"@type":"EntryPoint","urlTemplate":"https:\/\/lahaut.bzh\/?s={search_term_string}"},"query-input":"required name=search_term_string"}],"inLanguage":"fr-FR"},{"@type":"ImageObject","@id":"https:\/\/lahaut.bzh\/index.php\/projets-danimation\/#primaryimage","inLanguage":"fr-FR","url":"https:\/\/lahaut.bzh\/wp-content\/uploads\/2020\/03\/image.jpg","contentUrl":"https:\/\/lahaut.bzh\/wp-content\/uploads\/2020\/03\/image.jpg","width":1600,"height":203},{"@type":"WebPage","@id":"https:\/\/lahaut.bzh\/index.php\/projets-danimation\/#webpage","url":"https:\/\/lahaut.bzh\/index.php\/projets-danimation\/","name":"Projets d'animation - L\u00e0-Haut","isPartOf":{"@id":"https:\/\/lahaut.bzh\/#website"},"primaryImageOfPage":{"@id":"https:\/\/lahaut.bzh\/index.php\/projets-danimation\/#primaryimage"},"datePublished":"2020-03-06T16:47:37+00:00","dateModified":"2023-08-02T13:29:13+00:00","breadcrumb":{"@id":"https:\/\/lahaut.bzh\/index.php\/projets-danimation\/#breadcrumb"},"inLanguage":"fr-FR","potentialAction":[{"@type":"ReadAction","target":["https:\/\/lahaut.bzh\/index.php\/projets-danimation\/"]}]},{"@type":"BreadcrumbList","@id":"https:\/\/lahaut.bzh\/index.php\/projets-danimation\/#breadcrumb","itemListElement":[{"@type":"ListItem","position":1,"name":"Accueil","item":"https:\/\/lahaut.bzh\/"},{"@type":"ListItem","position":2,"name":"Projets d&rsquo;animation"}]}]}},"_links":{"self":[{"href":"https:\/\/lahaut.bzh\/index.php\/wp-json\/wp\/v2\/pages\/3509"}],"collection":[{"href":"https:\/\/lahaut.bzh\/index.php\/wp-json\/wp\/v2\/pages"}],"about":[{"href":"https:\/\/lahaut.bzh\/index.php\/wp-json\/wp\/v2\/types\/page"}],"author":[{"embeddable":true,"href":"https:\/\/lahaut.bzh\/index.php\/wp-json\/wp\/v2\/users\/1"}],"replies":[{"embeddable":true,"href":"https:\/\/lahaut.bzh\/index.php\/wp-json\/wp\/v2\/comments?post=3509"}],"version-history":[{"count":97,"href":"https:\/\/lahaut.bzh\/index.php\/wp-json\/wp\/v2\/pages\/3509\/revisions"}],"predecessor-version":[{"id":6309,"href":"https:\/\/lahaut.bzh\/index.php\/wp-json\/wp\/v2\/pages\/3509\/revisions\/6309"}],"wp:featuredmedia":[{"embeddable":true,"href":"https:\/\/lahaut.bzh\/index.php\/wp-json\/wp\/v2\/media\/3794"}],"wp:attachment":[{"href":"https:\/\/lahaut.bzh\/index.php\/wp-json\/wp\/v2\/media?parent=3509"}],"curies":[{"name":"wp","href":"https:\/\/api.w.org\/{rel}","templated":true}]}}