{"id":344,"date":"2015-04-26T12:35:10","date_gmt":"2015-04-26T12:35:10","guid":{"rendered":"http:\/\/www.anarieldesign.com\/themedemos\/maisha\/?page_id=344"},"modified":"2015-04-26T12:35:10","modified_gmt":"2015-04-26T12:35:10","slug":"mission-three","status":"publish","type":"page","link":"https:\/\/lahaut.bzh\/index.php\/formationsbafa\/mission-three\/","title":{"rendered":"Mission Three"},"content":{"rendered":"<p>\t\tMarzipan marshmallow cookie cake icing marshmallow chocolate cookie carrot cake drag\u00e9e chocolate candy canes carrot cake.<\/p>\n<p><!--more--><\/p>\n<p>Lorem ipsum dolor sit amet, <a title=\"test link\" href=\"#\">test link<\/a> adipiscing elit. <strong>This is strong.<\/strong> Nullam dignissim convallis est. Quisque aliquam. <em>This is emphasized.<\/em> Donec faucibus. Nunc iaculis suscipit dui. 5<sup>3<\/sup> = 125. Water is H<sub>2<\/sub>O. Nam sit amet sem. Aliquam libero nisi, imperdiet at, tincidunt nec, gravida vehicula, nisl. <cite>The New York Times<\/cite> (That\u2019s a citation). <span style=\"text-decoration:underline;\">Underline.<\/span> Maecenas ornare tortor. Donec sed tellus eget sapien fringilla nonummy. Mauris a ante. Suspendisse quam sem, consequat at, commodo vitae, feugiat in, nunc. Morbi imperdiet augue quis tellus. <abbr title=\"HyperText Markup Language\">HTML<\/abbr> and <abbr title=\"Cascading Style Sheets\">CSS<\/abbr> are our tools. Mauris a ante. Suspendisse quam sem, consequat at, commodo vitae, feugiat in, nunc. Morbi imperdiet augue quis tellus. Praesent mattis, massa quis luctus fermentum, turpis mi volutpat justo, eu volutpat enim diam eget metus. To copy a file type <code>COPY <var>filename<\/var><\/code>.<\/p>\n<p><a href=\"http:\/\/anariel.com.www361.your-server.de\/maisha\/wp-content\/uploads\/2015\/05\/maisha_shop_slider_1.jpg\"><img fetchpriority=\"high\" decoding=\"async\" src=\"http:\/\/anariel.com.www361.your-server.de\/maisha\/wp-content\/uploads\/2015\/05\/maisha_shop_slider_1.jpg\" data-sizes=\"(max-width: 1405px) 100vw, 1405px\" srcset=\"http:\/\/www.anariel.com\/maishademo\/wp-content\/uploads\/2015\/05\/maisha_shop_slider_1-300x85.jpg 300w, http:\/\/www.anariel.com\/maishademo\/wp-content\/uploads\/2015\/05\/maisha_shop_slider_1-1024x292.jpg 1024w, http:\/\/www.anariel.com\/maishademo\/wp-content\/uploads\/2015\/05\/maisha_shop_slider_1-300x85.jpg 300w, http:\/\/www.anariel.com\/maishademo\/wp-content\/uploads\/2015\/05\/maisha_shop_slider_1-300x85.jpg 300w, http:\/\/www.anariel.com\/maishademo\/wp-content\/uploads\/2015\/05\/maisha_shop_slider_1-200x57.jpg 200w, http:\/\/www.anariel.com\/maishademo\/wp-content\/uploads\/2015\/05\/maisha_shop_slider_1-150x43.jpg 150w, http:\/\/anariel.com.www361.your-server.de\/maisha\/wp-content\/uploads\/2015\/05\/maisha_shop_slider_1.jpg 1405w\" alt=\"maisha_shop_slider_1\" width=\"1405\" height=\"400\" class=\"aligncenter size-full wp-image-1069\" \/><\/a><\/p>\n<blockquote>\n<p>This is Photoshop\u2019s version of Lorem Ipsum. Proin gravida nibh vel velit auctor aliquet. Aenean sollicitudin, lorem quis bibendum auctor, nisi elit consequat ipsum, nec sagittis sem nibh id elit.<\/p>\n<\/blockquote>\n<table>\n<tbody>\n<tr>\n<th>Table Header 1<\/th>\n<th>Table Header 2<\/th>\n<th>Table Header 3<\/th>\n<\/tr>\n<tr>\n<td>Division 1<\/td>\n<td>Division 2<\/td>\n<td>Division 3<\/td>\n<\/tr>\n<\/tbody>\n<\/table>\n<p>[give_form id=\u00a0\u00bb403&Prime;]<\/p>\n","protected":false},"excerpt":{"rendered":"<p>Marzipan marshmallow cookie cake icing marshmallow chocolate cookie carrot cake drag\u00e9e chocolate candy canes carrot cake.<\/p>\n","protected":false},"author":1,"featured_media":2504,"parent":336,"menu_order":0,"comment_status":"closed","ping_status":"closed","template":"page-templates\/full-width-page.php","meta":{"footnotes":""},"yoast_head":"<!-- This site is optimized with the Yoast SEO plugin v17.2.1 - https:\/\/yoast.com\/wordpress\/plugins\/seo\/ -->\n<title>Mission Three - L\u00e0-Haut<\/title>\n<meta name=\"robots\" content=\"index, follow, max-snippet:-1, max-image-preview:large, max-video-preview:-1\" \/>\n<link rel=\"canonical\" href=\"https:\/\/lahaut.bzh\/index.php\/formationsbafa\/mission-three\/\" \/>\n<meta property=\"og:locale\" content=\"fr_FR\" \/>\n<meta property=\"og:type\" content=\"article\" \/>\n<meta property=\"og:title\" content=\"Mission Three - L\u00e0-Haut\" \/>\n<meta property=\"og:description\" content=\"Marzipan marshmallow cookie cake icing marshmallow chocolate cookie carrot cake drag\u00e9e chocolate candy canes carrot cake.\" \/>\n<meta property=\"og:url\" content=\"https:\/\/lahaut.bzh\/index.php\/formationsbafa\/mission-three\/\" \/>\n<meta property=\"og:site_name\" content=\"L\u00e0-Haut\" \/>\n<meta property=\"article:publisher\" content=\"https:\/\/fb.me\/Lahautbzh\" \/>\n<meta property=\"og:image\" content=\"https:\/\/lahaut.bzh\/wp-content\/uploads\/2015\/04\/5.jpg\" \/>\n\t<meta property=\"og:image:width\" content=\"916\" \/>\n\t<meta property=\"og:image:height\" content=\"500\" \/>\n<meta name=\"twitter:card\" content=\"summary_large_image\" \/>\n<meta name=\"twitter:label1\" content=\"Dur\u00e9e de lecture estim\u00e9e\" \/>\n\t<meta name=\"twitter:data1\" content=\"1 minute\" \/>\n<script type=\"application\/ld+json\" class=\"yoast-schema-graph\">{\"@context\":\"https:\/\/schema.org\",\"@graph\":[{\"@type\":\"Organization\",\"@id\":\"https:\/\/lahaut.bzh\/#organization\",\"name\":\"Association L\\u00e0-haut\",\"url\":\"https:\/\/lahaut.bzh\/\",\"sameAs\":[\"https:\/\/fb.me\/Lahautbzh\",\"https:\/\/www.instagram.com\/lahautbzh\/\"],\"logo\":{\"@type\":\"ImageObject\",\"@id\":\"https:\/\/lahaut.bzh\/#logo\",\"inLanguage\":\"fr-FR\",\"url\":\"https:\/\/lahaut.bzh\/wp-content\/uploads\/2020\/03\/logo-noir-verticale-classic-web.jpg\",\"contentUrl\":\"https:\/\/lahaut.bzh\/wp-content\/uploads\/2020\/03\/logo-noir-verticale-classic-web.jpg\",\"width\":400,\"height\":343,\"caption\":\"Association L\\u00e0-haut\"},\"image\":{\"@id\":\"https:\/\/lahaut.bzh\/#logo\"}},{\"@type\":\"WebSite\",\"@id\":\"https:\/\/lahaut.bzh\/#website\",\"url\":\"https:\/\/lahaut.bzh\/\",\"name\":\"L\\u00e0-Haut\",\"description\":\"Association \\u00e9co-citoyenne perch\\u00e9e : Formations BAFA, S\\u00e9jours, Grimpe d&#039;arbres ...\",\"publisher\":{\"@id\":\"https:\/\/lahaut.bzh\/#organization\"},\"potentialAction\":[{\"@type\":\"SearchAction\",\"target\":{\"@type\":\"EntryPoint\",\"urlTemplate\":\"https:\/\/lahaut.bzh\/?s={search_term_string}\"},\"query-input\":\"required name=search_term_string\"}],\"inLanguage\":\"fr-FR\"},{\"@type\":\"ImageObject\",\"@id\":\"https:\/\/lahaut.bzh\/index.php\/formationsbafa\/mission-three\/#primaryimage\",\"inLanguage\":\"fr-FR\",\"url\":\"https:\/\/lahaut.bzh\/wp-content\/uploads\/2015\/04\/5.jpg\",\"contentUrl\":\"https:\/\/lahaut.bzh\/wp-content\/uploads\/2015\/04\/5.jpg\",\"width\":916,\"height\":500,\"caption\":\"\"},{\"@type\":\"WebPage\",\"@id\":\"https:\/\/lahaut.bzh\/index.php\/formationsbafa\/mission-three\/#webpage\",\"url\":\"https:\/\/lahaut.bzh\/index.php\/formationsbafa\/mission-three\/\",\"name\":\"Mission Three - L\\u00e0-Haut\",\"isPartOf\":{\"@id\":\"https:\/\/lahaut.bzh\/#website\"},\"primaryImageOfPage\":{\"@id\":\"https:\/\/lahaut.bzh\/index.php\/formationsbafa\/mission-three\/#primaryimage\"},\"datePublished\":\"2015-04-26T12:35:10+00:00\",\"dateModified\":\"2015-04-26T12:35:10+00:00\",\"breadcrumb\":{\"@id\":\"https:\/\/lahaut.bzh\/index.php\/formationsbafa\/mission-three\/#breadcrumb\"},\"inLanguage\":\"fr-FR\",\"potentialAction\":[{\"@type\":\"ReadAction\",\"target\":[\"https:\/\/lahaut.bzh\/index.php\/formationsbafa\/mission-three\/\"]}]},{\"@type\":\"BreadcrumbList\",\"@id\":\"https:\/\/lahaut.bzh\/index.php\/formationsbafa\/mission-three\/#breadcrumb\",\"itemListElement\":[{\"@type\":\"ListItem\",\"position\":1,\"name\":\"Accueil\",\"item\":\"https:\/\/lahaut.bzh\/\"},{\"@type\":\"ListItem\",\"position\":2,\"name\":\"Formations BAFA\",\"item\":\"https:\/\/lahaut.bzh\/index.php\/formationsbafa\/\"},{\"@type\":\"ListItem\",\"position\":3,\"name\":\"Mission Three\"}]}]}<\/script>\n<!-- \/ Yoast SEO plugin. -->","yoast_head_json":{"title":"Mission Three - L\u00e0-Haut","robots":{"index":"index","follow":"follow","max-snippet":"max-snippet:-1","max-image-preview":"max-image-preview:large","max-video-preview":"max-video-preview:-1"},"canonical":"https:\/\/lahaut.bzh\/index.php\/formationsbafa\/mission-three\/","og_locale":"fr_FR","og_type":"article","og_title":"Mission Three - L\u00e0-Haut","og_description":"Marzipan marshmallow cookie cake icing marshmallow chocolate cookie carrot cake drag\u00e9e chocolate candy canes carrot cake.","og_url":"https:\/\/lahaut.bzh\/index.php\/formationsbafa\/mission-three\/","og_site_name":"L\u00e0-Haut","article_publisher":"https:\/\/fb.me\/Lahautbzh","og_image":[{"width":916,"height":500,"url":"https:\/\/lahaut.bzh\/wp-content\/uploads\/2015\/04\/5.jpg","path":"\/home\/dnkoosj\/www\/wp-content\/uploads\/2015\/04\/5.jpg","size":"full","id":2504,"alt":"","pixels":458000,"type":"image\/jpeg"}],"twitter_card":"summary_large_image","twitter_misc":{"Dur\u00e9e de lecture estim\u00e9e":"1 minute"},"schema":{"@context":"https:\/\/schema.org","@graph":[{"@type":"Organization","@id":"https:\/\/lahaut.bzh\/#organization","name":"Association L\u00e0-haut","url":"https:\/\/lahaut.bzh\/","sameAs":["https:\/\/fb.me\/Lahautbzh","https:\/\/www.instagram.com\/lahautbzh\/"],"logo":{"@type":"ImageObject","@id":"https:\/\/lahaut.bzh\/#logo","inLanguage":"fr-FR","url":"https:\/\/lahaut.bzh\/wp-content\/uploads\/2020\/03\/logo-noir-verticale-classic-web.jpg","contentUrl":"https:\/\/lahaut.bzh\/wp-content\/uploads\/2020\/03\/logo-noir-verticale-classic-web.jpg","width":400,"height":343,"caption":"Association L\u00e0-haut"},"image":{"@id":"https:\/\/lahaut.bzh\/#logo"}},{"@type":"WebSite","@id":"https:\/\/lahaut.bzh\/#website","url":"https:\/\/lahaut.bzh\/","name":"L\u00e0-Haut","description":"Association \u00e9co-citoyenne perch\u00e9e : Formations BAFA, S\u00e9jours, Grimpe d&#039;arbres ...","publisher":{"@id":"https:\/\/lahaut.bzh\/#organization"},"potentialAction":[{"@type":"SearchAction","target":{"@type":"EntryPoint","urlTemplate":"https:\/\/lahaut.bzh\/?s={search_term_string}"},"query-input":"required name=search_term_string"}],"inLanguage":"fr-FR"},{"@type":"ImageObject","@id":"https:\/\/lahaut.bzh\/index.php\/formationsbafa\/mission-three\/#primaryimage","inLanguage":"fr-FR","url":"https:\/\/lahaut.bzh\/wp-content\/uploads\/2015\/04\/5.jpg","contentUrl":"https:\/\/lahaut.bzh\/wp-content\/uploads\/2015\/04\/5.jpg","width":916,"height":500,"caption":""},{"@type":"WebPage","@id":"https:\/\/lahaut.bzh\/index.php\/formationsbafa\/mission-three\/#webpage","url":"https:\/\/lahaut.bzh\/index.php\/formationsbafa\/mission-three\/","name":"Mission Three - L\u00e0-Haut","isPartOf":{"@id":"https:\/\/lahaut.bzh\/#website"},"primaryImageOfPage":{"@id":"https:\/\/lahaut.bzh\/index.php\/formationsbafa\/mission-three\/#primaryimage"},"datePublished":"2015-04-26T12:35:10+00:00","dateModified":"2015-04-26T12:35:10+00:00","breadcrumb":{"@id":"https:\/\/lahaut.bzh\/index.php\/formationsbafa\/mission-three\/#breadcrumb"},"inLanguage":"fr-FR","potentialAction":[{"@type":"ReadAction","target":["https:\/\/lahaut.bzh\/index.php\/formationsbafa\/mission-three\/"]}]},{"@type":"BreadcrumbList","@id":"https:\/\/lahaut.bzh\/index.php\/formationsbafa\/mission-three\/#breadcrumb","itemListElement":[{"@type":"ListItem","position":1,"name":"Accueil","item":"https:\/\/lahaut.bzh\/"},{"@type":"ListItem","position":2,"name":"Formations BAFA","item":"https:\/\/lahaut.bzh\/index.php\/formationsbafa\/"},{"@type":"ListItem","position":3,"name":"Mission Three"}]}]}},"_links":{"self":[{"href":"https:\/\/lahaut.bzh\/index.php\/wp-json\/wp\/v2\/pages\/344"}],"collection":[{"href":"https:\/\/lahaut.bzh\/index.php\/wp-json\/wp\/v2\/pages"}],"about":[{"href":"https:\/\/lahaut.bzh\/index.php\/wp-json\/wp\/v2\/types\/page"}],"author":[{"embeddable":true,"href":"https:\/\/lahaut.bzh\/index.php\/wp-json\/wp\/v2\/users\/1"}],"replies":[{"embeddable":true,"href":"https:\/\/lahaut.bzh\/index.php\/wp-json\/wp\/v2\/comments?post=344"}],"version-history":[{"count":0,"href":"https:\/\/lahaut.bzh\/index.php\/wp-json\/wp\/v2\/pages\/344\/revisions"}],"up":[{"embeddable":true,"href":"https:\/\/lahaut.bzh\/index.php\/wp-json\/wp\/v2\/pages\/336"}],"wp:featuredmedia":[{"embeddable":true,"href":"https:\/\/lahaut.bzh\/index.php\/wp-json\/wp\/v2\/media\/2504"}],"wp:attachment":[{"href":"https:\/\/lahaut.bzh\/index.php\/wp-json\/wp\/v2\/media?parent=344"}],"curies":[{"name":"wp","href":"https:\/\/api.w.org\/{rel}","templated":true}]}}