{"id":2966,"date":"2017-12-12T12:30:17","date_gmt":"2017-12-12T12:30:17","guid":{"rendered":"http:\/\/anariel.com\/maisha\/?page_id=2966"},"modified":"2017-12-12T12:30:17","modified_gmt":"2017-12-12T12:30:17","slug":"child-three","status":"publish","type":"page","link":"https:\/\/lahaut.bzh\/index.php\/extra-grid-page\/test-child-child-page\/child-three\/","title":{"rendered":"Child Three"},"content":{"rendered":"<p>\t\tThis is the third child page of the parent above. Content consists of featured image and text.\t\t<\/p>\n","protected":false},"excerpt":{"rendered":"<p>This is the third child page of the parent above. Content consists of featured image and text.<\/p>\n","protected":false},"author":1,"featured_media":2502,"parent":2954,"menu_order":0,"comment_status":"closed","ping_status":"closed","template":"","meta":{"footnotes":""},"yoast_head":"<!-- This site is optimized with the Yoast SEO plugin v17.2.1 - https:\/\/yoast.com\/wordpress\/plugins\/seo\/ -->\n<title>Child Three - L\u00e0-Haut<\/title>\n<meta name=\"robots\" content=\"index, follow, max-snippet:-1, max-image-preview:large, max-video-preview:-1\" \/>\n<link rel=\"canonical\" href=\"https:\/\/lahaut.bzh\/index.php\/extra-grid-page\/test-child-child-page\/child-three\/\" \/>\n<meta property=\"og:locale\" content=\"fr_FR\" \/>\n<meta property=\"og:type\" content=\"article\" \/>\n<meta property=\"og:title\" content=\"Child Three - L\u00e0-Haut\" \/>\n<meta property=\"og:description\" content=\"This is the third child page of the parent above. Content consists of featured image and text.\" \/>\n<meta property=\"og:url\" content=\"https:\/\/lahaut.bzh\/index.php\/extra-grid-page\/test-child-child-page\/child-three\/\" \/>\n<meta property=\"og:site_name\" content=\"L\u00e0-Haut\" \/>\n<meta property=\"article:publisher\" content=\"https:\/\/fb.me\/Lahautbzh\" \/>\n<meta property=\"og:image\" content=\"https:\/\/lahaut.bzh\/wp-content\/uploads\/2015\/04\/3.jpg\" \/>\n\t<meta property=\"og:image:width\" content=\"916\" \/>\n\t<meta property=\"og:image:height\" content=\"500\" \/>\n<meta name=\"twitter:card\" content=\"summary_large_image\" \/>\n<script type=\"application\/ld+json\" class=\"yoast-schema-graph\">{\"@context\":\"https:\/\/schema.org\",\"@graph\":[{\"@type\":\"Organization\",\"@id\":\"https:\/\/lahaut.bzh\/#organization\",\"name\":\"Association L\\u00e0-haut\",\"url\":\"https:\/\/lahaut.bzh\/\",\"sameAs\":[\"https:\/\/fb.me\/Lahautbzh\",\"https:\/\/www.instagram.com\/lahautbzh\/\"],\"logo\":{\"@type\":\"ImageObject\",\"@id\":\"https:\/\/lahaut.bzh\/#logo\",\"inLanguage\":\"fr-FR\",\"url\":\"https:\/\/lahaut.bzh\/wp-content\/uploads\/2020\/03\/logo-noir-verticale-classic-web.jpg\",\"contentUrl\":\"https:\/\/lahaut.bzh\/wp-content\/uploads\/2020\/03\/logo-noir-verticale-classic-web.jpg\",\"width\":400,\"height\":343,\"caption\":\"Association L\\u00e0-haut\"},\"image\":{\"@id\":\"https:\/\/lahaut.bzh\/#logo\"}},{\"@type\":\"WebSite\",\"@id\":\"https:\/\/lahaut.bzh\/#website\",\"url\":\"https:\/\/lahaut.bzh\/\",\"name\":\"L\\u00e0-Haut\",\"description\":\"Association \\u00e9co-citoyenne perch\\u00e9e : Formations BAFA, S\\u00e9jours, Grimpe d&#039;arbres ...\",\"publisher\":{\"@id\":\"https:\/\/lahaut.bzh\/#organization\"},\"potentialAction\":[{\"@type\":\"SearchAction\",\"target\":{\"@type\":\"EntryPoint\",\"urlTemplate\":\"https:\/\/lahaut.bzh\/?s={search_term_string}\"},\"query-input\":\"required name=search_term_string\"}],\"inLanguage\":\"fr-FR\"},{\"@type\":\"ImageObject\",\"@id\":\"https:\/\/lahaut.bzh\/index.php\/extra-grid-page\/test-child-child-page\/child-three\/#primaryimage\",\"inLanguage\":\"fr-FR\",\"url\":\"https:\/\/lahaut.bzh\/wp-content\/uploads\/2015\/04\/3.jpg\",\"contentUrl\":\"https:\/\/lahaut.bzh\/wp-content\/uploads\/2015\/04\/3.jpg\",\"width\":916,\"height\":500,\"caption\":\"\"},{\"@type\":\"WebPage\",\"@id\":\"https:\/\/lahaut.bzh\/index.php\/extra-grid-page\/test-child-child-page\/child-three\/#webpage\",\"url\":\"https:\/\/lahaut.bzh\/index.php\/extra-grid-page\/test-child-child-page\/child-three\/\",\"name\":\"Child Three - L\\u00e0-Haut\",\"isPartOf\":{\"@id\":\"https:\/\/lahaut.bzh\/#website\"},\"primaryImageOfPage\":{\"@id\":\"https:\/\/lahaut.bzh\/index.php\/extra-grid-page\/test-child-child-page\/child-three\/#primaryimage\"},\"datePublished\":\"2017-12-12T12:30:17+00:00\",\"dateModified\":\"2017-12-12T12:30:17+00:00\",\"breadcrumb\":{\"@id\":\"https:\/\/lahaut.bzh\/index.php\/extra-grid-page\/test-child-child-page\/child-three\/#breadcrumb\"},\"inLanguage\":\"fr-FR\",\"potentialAction\":[{\"@type\":\"ReadAction\",\"target\":[\"https:\/\/lahaut.bzh\/index.php\/extra-grid-page\/test-child-child-page\/child-three\/\"]}]},{\"@type\":\"BreadcrumbList\",\"@id\":\"https:\/\/lahaut.bzh\/index.php\/extra-grid-page\/test-child-child-page\/child-three\/#breadcrumb\",\"itemListElement\":[{\"@type\":\"ListItem\",\"position\":1,\"name\":\"Accueil\",\"item\":\"https:\/\/lahaut.bzh\/\"},{\"@type\":\"ListItem\",\"position\":2,\"name\":\"Extra Grid Page\",\"item\":\"https:\/\/lahaut.bzh\/index.php\/extra-grid-page\/\"},{\"@type\":\"ListItem\",\"position\":3,\"name\":\"Child Page of the Parent Page\",\"item\":\"https:\/\/lahaut.bzh\/index.php\/extra-grid-page\/test-child-child-page\/\"},{\"@type\":\"ListItem\",\"position\":4,\"name\":\"Child Three\"}]}]}<\/script>\n<!-- \/ Yoast SEO plugin. -->","yoast_head_json":{"title":"Child Three - L\u00e0-Haut","robots":{"index":"index","follow":"follow","max-snippet":"max-snippet:-1","max-image-preview":"max-image-preview:large","max-video-preview":"max-video-preview:-1"},"canonical":"https:\/\/lahaut.bzh\/index.php\/extra-grid-page\/test-child-child-page\/child-three\/","og_locale":"fr_FR","og_type":"article","og_title":"Child Three - L\u00e0-Haut","og_description":"This is the third child page of the parent above. Content consists of featured image and text.","og_url":"https:\/\/lahaut.bzh\/index.php\/extra-grid-page\/test-child-child-page\/child-three\/","og_site_name":"L\u00e0-Haut","article_publisher":"https:\/\/fb.me\/Lahautbzh","og_image":[{"width":916,"height":500,"url":"https:\/\/lahaut.bzh\/wp-content\/uploads\/2015\/04\/3.jpg","path":"\/home\/dnkoosj\/www\/wp-content\/uploads\/2015\/04\/3.jpg","size":"full","id":2502,"alt":"","pixels":458000,"type":"image\/jpeg"}],"twitter_card":"summary_large_image","schema":{"@context":"https:\/\/schema.org","@graph":[{"@type":"Organization","@id":"https:\/\/lahaut.bzh\/#organization","name":"Association L\u00e0-haut","url":"https:\/\/lahaut.bzh\/","sameAs":["https:\/\/fb.me\/Lahautbzh","https:\/\/www.instagram.com\/lahautbzh\/"],"logo":{"@type":"ImageObject","@id":"https:\/\/lahaut.bzh\/#logo","inLanguage":"fr-FR","url":"https:\/\/lahaut.bzh\/wp-content\/uploads\/2020\/03\/logo-noir-verticale-classic-web.jpg","contentUrl":"https:\/\/lahaut.bzh\/wp-content\/uploads\/2020\/03\/logo-noir-verticale-classic-web.jpg","width":400,"height":343,"caption":"Association L\u00e0-haut"},"image":{"@id":"https:\/\/lahaut.bzh\/#logo"}},{"@type":"WebSite","@id":"https:\/\/lahaut.bzh\/#website","url":"https:\/\/lahaut.bzh\/","name":"L\u00e0-Haut","description":"Association \u00e9co-citoyenne perch\u00e9e : Formations BAFA, S\u00e9jours, Grimpe d&#039;arbres ...","publisher":{"@id":"https:\/\/lahaut.bzh\/#organization"},"potentialAction":[{"@type":"SearchAction","target":{"@type":"EntryPoint","urlTemplate":"https:\/\/lahaut.bzh\/?s={search_term_string}"},"query-input":"required name=search_term_string"}],"inLanguage":"fr-FR"},{"@type":"ImageObject","@id":"https:\/\/lahaut.bzh\/index.php\/extra-grid-page\/test-child-child-page\/child-three\/#primaryimage","inLanguage":"fr-FR","url":"https:\/\/lahaut.bzh\/wp-content\/uploads\/2015\/04\/3.jpg","contentUrl":"https:\/\/lahaut.bzh\/wp-content\/uploads\/2015\/04\/3.jpg","width":916,"height":500,"caption":""},{"@type":"WebPage","@id":"https:\/\/lahaut.bzh\/index.php\/extra-grid-page\/test-child-child-page\/child-three\/#webpage","url":"https:\/\/lahaut.bzh\/index.php\/extra-grid-page\/test-child-child-page\/child-three\/","name":"Child Three - L\u00e0-Haut","isPartOf":{"@id":"https:\/\/lahaut.bzh\/#website"},"primaryImageOfPage":{"@id":"https:\/\/lahaut.bzh\/index.php\/extra-grid-page\/test-child-child-page\/child-three\/#primaryimage"},"datePublished":"2017-12-12T12:30:17+00:00","dateModified":"2017-12-12T12:30:17+00:00","breadcrumb":{"@id":"https:\/\/lahaut.bzh\/index.php\/extra-grid-page\/test-child-child-page\/child-three\/#breadcrumb"},"inLanguage":"fr-FR","potentialAction":[{"@type":"ReadAction","target":["https:\/\/lahaut.bzh\/index.php\/extra-grid-page\/test-child-child-page\/child-three\/"]}]},{"@type":"BreadcrumbList","@id":"https:\/\/lahaut.bzh\/index.php\/extra-grid-page\/test-child-child-page\/child-three\/#breadcrumb","itemListElement":[{"@type":"ListItem","position":1,"name":"Accueil","item":"https:\/\/lahaut.bzh\/"},{"@type":"ListItem","position":2,"name":"Extra Grid Page","item":"https:\/\/lahaut.bzh\/index.php\/extra-grid-page\/"},{"@type":"ListItem","position":3,"name":"Child Page of the Parent Page","item":"https:\/\/lahaut.bzh\/index.php\/extra-grid-page\/test-child-child-page\/"},{"@type":"ListItem","position":4,"name":"Child Three"}]}]}},"_links":{"self":[{"href":"https:\/\/lahaut.bzh\/index.php\/wp-json\/wp\/v2\/pages\/2966"}],"collection":[{"href":"https:\/\/lahaut.bzh\/index.php\/wp-json\/wp\/v2\/pages"}],"about":[{"href":"https:\/\/lahaut.bzh\/index.php\/wp-json\/wp\/v2\/types\/page"}],"author":[{"embeddable":true,"href":"https:\/\/lahaut.bzh\/index.php\/wp-json\/wp\/v2\/users\/1"}],"replies":[{"embeddable":true,"href":"https:\/\/lahaut.bzh\/index.php\/wp-json\/wp\/v2\/comments?post=2966"}],"version-history":[{"count":0,"href":"https:\/\/lahaut.bzh\/index.php\/wp-json\/wp\/v2\/pages\/2966\/revisions"}],"up":[{"embeddable":true,"href":"https:\/\/lahaut.bzh\/index.php\/wp-json\/wp\/v2\/pages\/2954"}],"wp:featuredmedia":[{"embeddable":true,"href":"https:\/\/lahaut.bzh\/index.php\/wp-json\/wp\/v2\/media\/2502"}],"wp:attachment":[{"href":"https:\/\/lahaut.bzh\/index.php\/wp-json\/wp\/v2\/media?parent=2966"}],"curies":[{"name":"wp","href":"https:\/\/api.w.org\/{rel}","templated":true}]}}