{"id":283,"date":"2015-04-25T15:04:29","date_gmt":"2015-04-25T15:04:29","guid":{"rendered":"http:\/\/www.anarieldesign.com\/themedemos\/maisha\/?page_id=283"},"modified":"2015-04-25T15:04:29","modified_gmt":"2015-04-25T15:04:29","slug":"front-page-with-video","status":"publish","type":"page","link":"https:\/\/lahaut.bzh\/index.php\/front-page-with-video\/","title":{"rendered":"Front Page with Video"},"content":{"rendered":"<p>\t\t<video id=\"self1\" class=\"html5-video player\" poster=\"http:\/\/anariel.com\/maisha\/wp-content\/uploads\/2017\/10\/2.jpg\" autoplay=\"autoplay\" loop=\"loop\" muted=\"\" width=\"300\" height=\"150\"><!-- mp4 --><source src=\"http:\/\/www.anariel.com\/videos\/Chipmunk.mp4\" type=\"video\/mp4\" \/><!-- webm --><source src=\"http:\/\/www.anariel.com\/videos\/Chipmunk.webm\" type=\"video\/webm\" \/><!-- ogg --><source src=\"http:\/\/www.anariel.com\/videos\/Chipmunk.ogv\" type=\"video\/ogv\" \/>Sorry, but it seems like your browser doesnt support HTML5 video.<\/video><\/p>\n<div class=\"content-caption\">\n<h1>MAISHA<span class=\"color\">.<\/span><\/h1>\n<p>Marzipan marshmallow cookie cake icing marshmallow chocolate. Cookie carrot cake drag\u00e9e chocolate candy canes carrot cake lollipop drag\u00e9e. Wypas donut sweet roll toffee sweet rolll lovely on this.<\/p>\n<p>[give_form id=\u00a0\u00bb117&Prime;]<\/p>\n<\/div>\n","protected":false},"excerpt":{"rendered":"<p>Sorry, but it seems like your browser doesnt support HTML5 video. MAISHA. Marzipan marshmallow cookie cake icing marshmallow chocolate. Cookie carrot cake drag\u00e9e chocolate candy canes carrot cake lollipop drag\u00e9e. &hellip; <a href=\"https:\/\/lahaut.bzh\/index.php\/front-page-with-video\/\" class=\"more-link\">Continue reading <span class=\"screen-reader-text\">Front Page with Video<\/span><\/a><\/p>\n","protected":false},"author":1,"featured_media":0,"parent":0,"menu_order":0,"comment_status":"open","ping_status":"open","template":"page-templates\/front-page-two.php","meta":{"footnotes":""},"yoast_head":"<!-- This site is optimized with the Yoast SEO plugin v17.2.1 - https:\/\/yoast.com\/wordpress\/plugins\/seo\/ -->\n<title>Front Page with Video - L\u00e0-Haut<\/title>\n<meta name=\"robots\" content=\"index, follow, max-snippet:-1, max-image-preview:large, max-video-preview:-1\" \/>\n<link rel=\"canonical\" href=\"https:\/\/lahaut.bzh\/index.php\/front-page-with-video\/\" \/>\n<meta property=\"og:locale\" content=\"fr_FR\" \/>\n<meta property=\"og:type\" content=\"article\" \/>\n<meta property=\"og:title\" content=\"Front Page with Video - L\u00e0-Haut\" \/>\n<meta property=\"og:description\" content=\"Sorry, but it seems like your browser doesnt support HTML5 video. MAISHA. Marzipan marshmallow cookie cake icing marshmallow chocolate. Cookie carrot cake drag\u00e9e chocolate candy canes carrot cake lollipop drag\u00e9e. &hellip; Continue reading Front Page with Video\" \/>\n<meta property=\"og:url\" content=\"https:\/\/lahaut.bzh\/index.php\/front-page-with-video\/\" \/>\n<meta property=\"og:site_name\" content=\"L\u00e0-Haut\" \/>\n<meta property=\"article:publisher\" content=\"https:\/\/fb.me\/Lahautbzh\" \/>\n<meta property=\"og:image\" content=\"https:\/\/lahaut.bzh\/wp-content\/uploads\/2020\/02\/30461030747_a36a6c8e31_o1-scaled.jpg\" \/>\n\t<meta property=\"og:image:width\" content=\"2560\" \/>\n\t<meta property=\"og:image:height\" content=\"1707\" \/>\n<meta name=\"twitter:card\" content=\"summary_large_image\" \/>\n<script type=\"application\/ld+json\" class=\"yoast-schema-graph\">{\"@context\":\"https:\/\/schema.org\",\"@graph\":[{\"@type\":\"Organization\",\"@id\":\"https:\/\/lahaut.bzh\/#organization\",\"name\":\"Association L\\u00e0-haut\",\"url\":\"https:\/\/lahaut.bzh\/\",\"sameAs\":[\"https:\/\/fb.me\/Lahautbzh\",\"https:\/\/www.instagram.com\/lahautbzh\/\"],\"logo\":{\"@type\":\"ImageObject\",\"@id\":\"https:\/\/lahaut.bzh\/#logo\",\"inLanguage\":\"fr-FR\",\"url\":\"https:\/\/lahaut.bzh\/wp-content\/uploads\/2020\/03\/logo-noir-verticale-classic-web.jpg\",\"contentUrl\":\"https:\/\/lahaut.bzh\/wp-content\/uploads\/2020\/03\/logo-noir-verticale-classic-web.jpg\",\"width\":400,\"height\":343,\"caption\":\"Association L\\u00e0-haut\"},\"image\":{\"@id\":\"https:\/\/lahaut.bzh\/#logo\"}},{\"@type\":\"WebSite\",\"@id\":\"https:\/\/lahaut.bzh\/#website\",\"url\":\"https:\/\/lahaut.bzh\/\",\"name\":\"L\\u00e0-Haut\",\"description\":\"Association \\u00e9co-citoyenne perch\\u00e9e : Formations BAFA, S\\u00e9jours, Grimpe d&#039;arbres ...\",\"publisher\":{\"@id\":\"https:\/\/lahaut.bzh\/#organization\"},\"potentialAction\":[{\"@type\":\"SearchAction\",\"target\":{\"@type\":\"EntryPoint\",\"urlTemplate\":\"https:\/\/lahaut.bzh\/?s={search_term_string}\"},\"query-input\":\"required name=search_term_string\"}],\"inLanguage\":\"fr-FR\"},{\"@type\":\"WebPage\",\"@id\":\"https:\/\/lahaut.bzh\/index.php\/front-page-with-video\/#webpage\",\"url\":\"https:\/\/lahaut.bzh\/index.php\/front-page-with-video\/\",\"name\":\"Front Page with Video - L\\u00e0-Haut\",\"isPartOf\":{\"@id\":\"https:\/\/lahaut.bzh\/#website\"},\"datePublished\":\"2015-04-25T15:04:29+00:00\",\"dateModified\":\"2015-04-25T15:04:29+00:00\",\"breadcrumb\":{\"@id\":\"https:\/\/lahaut.bzh\/index.php\/front-page-with-video\/#breadcrumb\"},\"inLanguage\":\"fr-FR\",\"potentialAction\":[{\"@type\":\"ReadAction\",\"target\":[\"https:\/\/lahaut.bzh\/index.php\/front-page-with-video\/\"]}]},{\"@type\":\"BreadcrumbList\",\"@id\":\"https:\/\/lahaut.bzh\/index.php\/front-page-with-video\/#breadcrumb\",\"itemListElement\":[{\"@type\":\"ListItem\",\"position\":1,\"name\":\"Accueil\",\"item\":\"https:\/\/lahaut.bzh\/\"},{\"@type\":\"ListItem\",\"position\":2,\"name\":\"Front Page with Video\"}]}]}<\/script>\n<!-- \/ Yoast SEO plugin. -->","yoast_head_json":{"title":"Front Page with Video - L\u00e0-Haut","robots":{"index":"index","follow":"follow","max-snippet":"max-snippet:-1","max-image-preview":"max-image-preview:large","max-video-preview":"max-video-preview:-1"},"canonical":"https:\/\/lahaut.bzh\/index.php\/front-page-with-video\/","og_locale":"fr_FR","og_type":"article","og_title":"Front Page with Video - L\u00e0-Haut","og_description":"Sorry, but it seems like your browser doesnt support HTML5 video. MAISHA. Marzipan marshmallow cookie cake icing marshmallow chocolate. Cookie carrot cake drag\u00e9e chocolate candy canes carrot cake lollipop drag\u00e9e. &hellip; Continue reading Front Page with Video","og_url":"https:\/\/lahaut.bzh\/index.php\/front-page-with-video\/","og_site_name":"L\u00e0-Haut","article_publisher":"https:\/\/fb.me\/Lahautbzh","og_image":[{"width":2560,"height":1707,"url":"https:\/\/lahaut.bzh\/wp-content\/uploads\/2020\/02\/30461030747_a36a6c8e31_o1-scaled.jpg","path":"\/home\/dnkoosj\/www\/wp-content\/uploads\/2020\/02\/30461030747_a36a6c8e31_o1-scaled.jpg","size":"full","id":3251,"alt":"","pixels":4369920,"type":"image\/jpeg"}],"twitter_card":"summary_large_image","schema":{"@context":"https:\/\/schema.org","@graph":[{"@type":"Organization","@id":"https:\/\/lahaut.bzh\/#organization","name":"Association L\u00e0-haut","url":"https:\/\/lahaut.bzh\/","sameAs":["https:\/\/fb.me\/Lahautbzh","https:\/\/www.instagram.com\/lahautbzh\/"],"logo":{"@type":"ImageObject","@id":"https:\/\/lahaut.bzh\/#logo","inLanguage":"fr-FR","url":"https:\/\/lahaut.bzh\/wp-content\/uploads\/2020\/03\/logo-noir-verticale-classic-web.jpg","contentUrl":"https:\/\/lahaut.bzh\/wp-content\/uploads\/2020\/03\/logo-noir-verticale-classic-web.jpg","width":400,"height":343,"caption":"Association L\u00e0-haut"},"image":{"@id":"https:\/\/lahaut.bzh\/#logo"}},{"@type":"WebSite","@id":"https:\/\/lahaut.bzh\/#website","url":"https:\/\/lahaut.bzh\/","name":"L\u00e0-Haut","description":"Association \u00e9co-citoyenne perch\u00e9e : Formations BAFA, S\u00e9jours, Grimpe d&#039;arbres ...","publisher":{"@id":"https:\/\/lahaut.bzh\/#organization"},"potentialAction":[{"@type":"SearchAction","target":{"@type":"EntryPoint","urlTemplate":"https:\/\/lahaut.bzh\/?s={search_term_string}"},"query-input":"required name=search_term_string"}],"inLanguage":"fr-FR"},{"@type":"WebPage","@id":"https:\/\/lahaut.bzh\/index.php\/front-page-with-video\/#webpage","url":"https:\/\/lahaut.bzh\/index.php\/front-page-with-video\/","name":"Front Page with Video - L\u00e0-Haut","isPartOf":{"@id":"https:\/\/lahaut.bzh\/#website"},"datePublished":"2015-04-25T15:04:29+00:00","dateModified":"2015-04-25T15:04:29+00:00","breadcrumb":{"@id":"https:\/\/lahaut.bzh\/index.php\/front-page-with-video\/#breadcrumb"},"inLanguage":"fr-FR","potentialAction":[{"@type":"ReadAction","target":["https:\/\/lahaut.bzh\/index.php\/front-page-with-video\/"]}]},{"@type":"BreadcrumbList","@id":"https:\/\/lahaut.bzh\/index.php\/front-page-with-video\/#breadcrumb","itemListElement":[{"@type":"ListItem","position":1,"name":"Accueil","item":"https:\/\/lahaut.bzh\/"},{"@type":"ListItem","position":2,"name":"Front Page with Video"}]}]}},"_links":{"self":[{"href":"https:\/\/lahaut.bzh\/index.php\/wp-json\/wp\/v2\/pages\/283"}],"collection":[{"href":"https:\/\/lahaut.bzh\/index.php\/wp-json\/wp\/v2\/pages"}],"about":[{"href":"https:\/\/lahaut.bzh\/index.php\/wp-json\/wp\/v2\/types\/page"}],"author":[{"embeddable":true,"href":"https:\/\/lahaut.bzh\/index.php\/wp-json\/wp\/v2\/users\/1"}],"replies":[{"embeddable":true,"href":"https:\/\/lahaut.bzh\/index.php\/wp-json\/wp\/v2\/comments?post=283"}],"version-history":[{"count":0,"href":"https:\/\/lahaut.bzh\/index.php\/wp-json\/wp\/v2\/pages\/283\/revisions"}],"wp:attachment":[{"href":"https:\/\/lahaut.bzh\/index.php\/wp-json\/wp\/v2\/media?parent=283"}],"curies":[{"name":"wp","href":"https:\/\/api.w.org\/{rel}","templated":true}]}}