{"id":1177,"date":"2015-04-20T08:10:04","date_gmt":"2015-04-20T08:10:04","guid":{"rendered":"http:\/\/www.anarieldesign.com\/themedemos\/maisha\/?page_id=40"},"modified":"2015-04-20T08:10:04","modified_gmt":"2015-04-20T08:10:04","slug":"slide-in-panel","status":"publish","type":"page","link":"https:\/\/lahaut.bzh\/index.php\/front-page\/slide-in-panel\/","title":{"rendered":"Slide in Panel"},"content":{"rendered":"<h2>Sponsor a Virunga National Park.<\/h2>\n<p>Fusce a ante nisl, vitae pretium enim. Nunc imperdiet iaculis augue nec porta! Phasellus <span class=\"color\">congue<\/span> sapien eget libero ornare lobortis. Aliquam sit amet nulla velit, in posuere tellus. Nulla ut orci lorem.<br \/>\n<a class=\"button\" href=\"https:\/\/virunga.org\/donate\/\">SPONSOR A REAL PROJECT<\/a> <a class=\"button\" href=\"http:\/\/virungamovie.com\/\">Watch a movie<\/a><\/p>\n<p>[soliloquy id=\u00a0\u00bb177&Prime;]<br \/>\nFrom <a href=\"http:\/\/virungamovie.com\/\">Virunga Movie<\/a> Fusce a ante nisl, vitae pretium enim. Nunc imperdiet iaculis augue nec porta! Phasellus congue sapien eget libero ornare lobortis. Aliquam sit amet nulla velit, in posuere tellus. Nulla ut orci lorem. Donec in lectus orci, sed dignissim lacus. Praesent lectus diam, sodales at commodo sodales, hendrerit sit amet justo. Morbi a risus urna. Ut in lorem at nisi ultricies semper? Mauris imperdiet sem euismod ligula pulvinar hendrerit. Ut nisi nulla, consequat iaculis mollis non, fringilla ut justo. Vestibulum pharetra molestie fringilla. Donec elementum ligula sed turpis commodo tristique. Suspendisse cursus posuere eros at auctor. Nulla facilisi. Sed vitae aliquam orci. portfolio3 Ut lobortis, felis sed viverra egestas, sem velit dapibus maur. Fusce a ante nisl, vitae pretium enim. Nunc imperdiet iaculis augue nec porta! Phasellus congue sapien eget libero ornare lobortis. Aliquam sit amet nulla velit, in posuere tellus portfolio5. Nulla ut orci lorem. Donec in lectus orci, sed dignissim lacus. Praesent lectus diam, sodales at commodo sodales, hendrerit sit amet justo. Morbi a risus urna. Ut in lorem at nisi ultricies semper? Mauris imperdiet sem euismod ligula pulvinar hendrerit. Praesent lectus diam, sodales at commodo sodales, hendrerit sit amet justo. Morbi a risus urna. Ut in lorem at nisi ultricies semper? Mauris imperdiet sem euismod ligula pulvinar hendrerit. Ut nisi nulla, consequat iaculis mollis non, fringilla ut justo. Vestibulum pharetra molestie fringilla.<\/p>\n<blockquote><p>From director Ajojd and executive producer Lioad.<\/p><\/blockquote>\n","protected":false},"excerpt":{"rendered":"<p>Sponsor a Virunga National Park. Fusce a ante nisl, vitae pretium enim. Nunc imperdiet iaculis augue nec porta! Phasellus congue sapien eget libero ornare lobortis. Aliquam sit amet nulla velit, &hellip; <a href=\"https:\/\/lahaut.bzh\/index.php\/front-page\/slide-in-panel\/\" class=\"more-link\">Continue reading <span class=\"screen-reader-text\">Slide in Panel<\/span><\/a><\/p>\n","protected":false},"author":1,"featured_media":0,"parent":1176,"menu_order":0,"comment_status":"closed","ping_status":"closed","template":"","meta":{"footnotes":""},"yoast_head":"<!-- This site is optimized with the Yoast SEO plugin v17.2.1 - https:\/\/yoast.com\/wordpress\/plugins\/seo\/ -->\n<title>Slide in Panel - L\u00e0-Haut<\/title>\n<meta name=\"robots\" content=\"index, follow, max-snippet:-1, max-image-preview:large, max-video-preview:-1\" \/>\n<link rel=\"canonical\" href=\"https:\/\/lahaut.bzh\/index.php\/front-page\/slide-in-panel\/\" \/>\n<meta property=\"og:locale\" content=\"fr_FR\" \/>\n<meta property=\"og:type\" content=\"article\" \/>\n<meta property=\"og:title\" content=\"Slide in Panel - L\u00e0-Haut\" \/>\n<meta property=\"og:description\" content=\"Sponsor a Virunga National Park. Fusce a ante nisl, vitae pretium enim. Nunc imperdiet iaculis augue nec porta! Phasellus congue sapien eget libero ornare lobortis. Aliquam sit amet nulla velit, &hellip; Continue reading Slide in Panel\" \/>\n<meta property=\"og:url\" content=\"https:\/\/lahaut.bzh\/index.php\/front-page\/slide-in-panel\/\" \/>\n<meta property=\"og:site_name\" content=\"L\u00e0-Haut\" \/>\n<meta property=\"article:publisher\" content=\"https:\/\/fb.me\/Lahautbzh\" \/>\n<meta property=\"og:image\" content=\"https:\/\/lahaut.bzh\/wp-content\/uploads\/2020\/02\/30461030747_a36a6c8e31_o1-scaled.jpg\" \/>\n\t<meta property=\"og:image:width\" content=\"2560\" \/>\n\t<meta property=\"og:image:height\" content=\"1707\" \/>\n<meta name=\"twitter:card\" content=\"summary_large_image\" \/>\n<meta name=\"twitter:label1\" content=\"Dur\u00e9e de lecture estim\u00e9e\" \/>\n\t<meta name=\"twitter:data1\" content=\"1 minute\" \/>\n<script type=\"application\/ld+json\" class=\"yoast-schema-graph\">{\"@context\":\"https:\/\/schema.org\",\"@graph\":[{\"@type\":\"Organization\",\"@id\":\"https:\/\/lahaut.bzh\/#organization\",\"name\":\"Association L\\u00e0-haut\",\"url\":\"https:\/\/lahaut.bzh\/\",\"sameAs\":[\"https:\/\/fb.me\/Lahautbzh\",\"https:\/\/www.instagram.com\/lahautbzh\/\"],\"logo\":{\"@type\":\"ImageObject\",\"@id\":\"https:\/\/lahaut.bzh\/#logo\",\"inLanguage\":\"fr-FR\",\"url\":\"https:\/\/lahaut.bzh\/wp-content\/uploads\/2020\/03\/logo-noir-verticale-classic-web.jpg\",\"contentUrl\":\"https:\/\/lahaut.bzh\/wp-content\/uploads\/2020\/03\/logo-noir-verticale-classic-web.jpg\",\"width\":400,\"height\":343,\"caption\":\"Association L\\u00e0-haut\"},\"image\":{\"@id\":\"https:\/\/lahaut.bzh\/#logo\"}},{\"@type\":\"WebSite\",\"@id\":\"https:\/\/lahaut.bzh\/#website\",\"url\":\"https:\/\/lahaut.bzh\/\",\"name\":\"L\\u00e0-Haut\",\"description\":\"Association \\u00e9co-citoyenne perch\\u00e9e : Formations BAFA, S\\u00e9jours, Grimpe d&#039;arbres ...\",\"publisher\":{\"@id\":\"https:\/\/lahaut.bzh\/#organization\"},\"potentialAction\":[{\"@type\":\"SearchAction\",\"target\":{\"@type\":\"EntryPoint\",\"urlTemplate\":\"https:\/\/lahaut.bzh\/?s={search_term_string}\"},\"query-input\":\"required name=search_term_string\"}],\"inLanguage\":\"fr-FR\"},{\"@type\":\"WebPage\",\"@id\":\"https:\/\/lahaut.bzh\/index.php\/front-page\/slide-in-panel\/#webpage\",\"url\":\"https:\/\/lahaut.bzh\/index.php\/front-page\/slide-in-panel\/\",\"name\":\"Slide in Panel - L\\u00e0-Haut\",\"isPartOf\":{\"@id\":\"https:\/\/lahaut.bzh\/#website\"},\"datePublished\":\"2015-04-20T08:10:04+00:00\",\"dateModified\":\"2015-04-20T08:10:04+00:00\",\"breadcrumb\":{\"@id\":\"https:\/\/lahaut.bzh\/index.php\/front-page\/slide-in-panel\/#breadcrumb\"},\"inLanguage\":\"fr-FR\",\"potentialAction\":[{\"@type\":\"ReadAction\",\"target\":[\"https:\/\/lahaut.bzh\/index.php\/front-page\/slide-in-panel\/\"]}]},{\"@type\":\"BreadcrumbList\",\"@id\":\"https:\/\/lahaut.bzh\/index.php\/front-page\/slide-in-panel\/#breadcrumb\",\"itemListElement\":[{\"@type\":\"ListItem\",\"position\":1,\"name\":\"Accueil\",\"item\":\"https:\/\/lahaut.bzh\/\"},{\"@type\":\"ListItem\",\"position\":2,\"name\":\"Page d&rsquo;accueil\",\"item\":\"https:\/\/lahaut.bzh\/\"},{\"@type\":\"ListItem\",\"position\":3,\"name\":\"Slide in Panel\"}]}]}<\/script>\n<!-- \/ Yoast SEO plugin. -->","yoast_head_json":{"title":"Slide in Panel - L\u00e0-Haut","robots":{"index":"index","follow":"follow","max-snippet":"max-snippet:-1","max-image-preview":"max-image-preview:large","max-video-preview":"max-video-preview:-1"},"canonical":"https:\/\/lahaut.bzh\/index.php\/front-page\/slide-in-panel\/","og_locale":"fr_FR","og_type":"article","og_title":"Slide in Panel - L\u00e0-Haut","og_description":"Sponsor a Virunga National Park. Fusce a ante nisl, vitae pretium enim. Nunc imperdiet iaculis augue nec porta! Phasellus congue sapien eget libero ornare lobortis. Aliquam sit amet nulla velit, &hellip; Continue reading Slide in Panel","og_url":"https:\/\/lahaut.bzh\/index.php\/front-page\/slide-in-panel\/","og_site_name":"L\u00e0-Haut","article_publisher":"https:\/\/fb.me\/Lahautbzh","og_image":[{"width":2560,"height":1707,"url":"https:\/\/lahaut.bzh\/wp-content\/uploads\/2020\/02\/30461030747_a36a6c8e31_o1-scaled.jpg","path":"\/home\/dnkoosj\/www\/wp-content\/uploads\/2020\/02\/30461030747_a36a6c8e31_o1-scaled.jpg","size":"full","id":3251,"alt":"","pixels":4369920,"type":"image\/jpeg"}],"twitter_card":"summary_large_image","twitter_misc":{"Dur\u00e9e de lecture estim\u00e9e":"1 minute"},"schema":{"@context":"https:\/\/schema.org","@graph":[{"@type":"Organization","@id":"https:\/\/lahaut.bzh\/#organization","name":"Association L\u00e0-haut","url":"https:\/\/lahaut.bzh\/","sameAs":["https:\/\/fb.me\/Lahautbzh","https:\/\/www.instagram.com\/lahautbzh\/"],"logo":{"@type":"ImageObject","@id":"https:\/\/lahaut.bzh\/#logo","inLanguage":"fr-FR","url":"https:\/\/lahaut.bzh\/wp-content\/uploads\/2020\/03\/logo-noir-verticale-classic-web.jpg","contentUrl":"https:\/\/lahaut.bzh\/wp-content\/uploads\/2020\/03\/logo-noir-verticale-classic-web.jpg","width":400,"height":343,"caption":"Association L\u00e0-haut"},"image":{"@id":"https:\/\/lahaut.bzh\/#logo"}},{"@type":"WebSite","@id":"https:\/\/lahaut.bzh\/#website","url":"https:\/\/lahaut.bzh\/","name":"L\u00e0-Haut","description":"Association \u00e9co-citoyenne perch\u00e9e : Formations BAFA, S\u00e9jours, Grimpe d&#039;arbres ...","publisher":{"@id":"https:\/\/lahaut.bzh\/#organization"},"potentialAction":[{"@type":"SearchAction","target":{"@type":"EntryPoint","urlTemplate":"https:\/\/lahaut.bzh\/?s={search_term_string}"},"query-input":"required name=search_term_string"}],"inLanguage":"fr-FR"},{"@type":"WebPage","@id":"https:\/\/lahaut.bzh\/index.php\/front-page\/slide-in-panel\/#webpage","url":"https:\/\/lahaut.bzh\/index.php\/front-page\/slide-in-panel\/","name":"Slide in Panel - L\u00e0-Haut","isPartOf":{"@id":"https:\/\/lahaut.bzh\/#website"},"datePublished":"2015-04-20T08:10:04+00:00","dateModified":"2015-04-20T08:10:04+00:00","breadcrumb":{"@id":"https:\/\/lahaut.bzh\/index.php\/front-page\/slide-in-panel\/#breadcrumb"},"inLanguage":"fr-FR","potentialAction":[{"@type":"ReadAction","target":["https:\/\/lahaut.bzh\/index.php\/front-page\/slide-in-panel\/"]}]},{"@type":"BreadcrumbList","@id":"https:\/\/lahaut.bzh\/index.php\/front-page\/slide-in-panel\/#breadcrumb","itemListElement":[{"@type":"ListItem","position":1,"name":"Accueil","item":"https:\/\/lahaut.bzh\/"},{"@type":"ListItem","position":2,"name":"Page d&rsquo;accueil","item":"https:\/\/lahaut.bzh\/"},{"@type":"ListItem","position":3,"name":"Slide in Panel"}]}]}},"_links":{"self":[{"href":"https:\/\/lahaut.bzh\/index.php\/wp-json\/wp\/v2\/pages\/1177"}],"collection":[{"href":"https:\/\/lahaut.bzh\/index.php\/wp-json\/wp\/v2\/pages"}],"about":[{"href":"https:\/\/lahaut.bzh\/index.php\/wp-json\/wp\/v2\/types\/page"}],"author":[{"embeddable":true,"href":"https:\/\/lahaut.bzh\/index.php\/wp-json\/wp\/v2\/users\/1"}],"replies":[{"embeddable":true,"href":"https:\/\/lahaut.bzh\/index.php\/wp-json\/wp\/v2\/comments?post=1177"}],"version-history":[{"count":0,"href":"https:\/\/lahaut.bzh\/index.php\/wp-json\/wp\/v2\/pages\/1177\/revisions"}],"up":[{"embeddable":true,"href":"https:\/\/lahaut.bzh\/index.php\/wp-json\/wp\/v2\/pages\/1176"}],"wp:attachment":[{"href":"https:\/\/lahaut.bzh\/index.php\/wp-json\/wp\/v2\/media?parent=1177"}],"curies":[{"name":"wp","href":"https:\/\/api.w.org\/{rel}","templated":true}]}}